{"id":1329,"date":"2023-10-02T16:49:02","date_gmt":"2023-10-02T14:49:02","guid":{"rendered":"https:\/\/www.domainebarichet.com\/?post_type=product&#038;p=1329"},"modified":"2024-09-25T10:51:39","modified_gmt":"2024-09-25T08:51:39","slug":"red-wine-garanoir-blonay-lavaux-les-rouvenaules","status":"publish","type":"product","link":"https:\/\/www.domainebarichet.com\/en\/vin-lavaux\/red-wine-garanoir-blonay-lavaux-les-rouvenaules\/","title":{"rendered":"Ros\u00e9 Wine Garanoir Les Rouvenaules"},"content":{"rendered":"<h4>TASTING NOTES :<\/h4>\n<p>The red wine Garanoir from our Tradition range captivates from the first nose with its very flattering aromas of roasting. On the palate, it reveals a smooth character, with melted tannins that provide a beautiful long finish. This surprising wine can even accompany a fish dish, offering an unexpected and delightful tasting experience.<\/p>\n<h4>FOOD PAIRING :<\/h4>\n<p>Domaine Barichet invites you to enhance your tasting experience by pairing our &#8220;Les Rouvenaules&#8221; wine with a succulent <strong>double rib steak topped with creamy tarragon butter<\/strong>.<\/p>\n","protected":false},"excerpt":{"rendered":"<p>This red wine made in Lavaux Blonay with cepage Garanoir , a grape variety developed in Switzerland, will bring you a tasting experience marked by the terroir of Lavaux.<\/p>\n","protected":false},"featured_media":1069,"template":"","meta":{"content-type":"","inline_featured_image":false},"product_cat":[103,90],"product_tag":[],"yoast_head":"<!-- This site is optimized with the Yoast SEO plugin v22.3 - https:\/\/yoast.com\/wordpress\/plugins\/seo\/ -->\n<title>Ros\u00e9 Wine Garanoir Les Rouvenaules - Domaine Barichet<\/title>\n<meta name=\"description\" content=\"Le Garanoir, ce c\u00e9page d\u00e9velopp\u00e9 en Suisse, vous apportera une d\u00e9gustation marqu\u00e9e par le terroir de Lavaux. Vin issue de la gamme Tradition.\" \/>\n<meta name=\"robots\" content=\"index, follow, max-snippet:-1, max-image-preview:large, max-video-preview:-1\" \/>\n<link rel=\"canonical\" href=\"https:\/\/www.domainebarichet.com\/en\/vin-lavaux\/red-wine-garanoir-blonay-lavaux-les-rouvenaules\/\" \/>\n<meta property=\"og:locale\" content=\"en_US\" \/>\n<meta property=\"og:type\" content=\"article\" \/>\n<meta property=\"og:title\" content=\"Ros\u00e9 Wine Garanoir Les Rouvenaules - Domaine Barichet\" \/>\n<meta property=\"og:description\" content=\"Le Garanoir, ce c\u00e9page d\u00e9velopp\u00e9 en Suisse, vous apportera une d\u00e9gustation marqu\u00e9e par le terroir de Lavaux. Vin issue de la gamme Tradition.\" \/>\n<meta property=\"og:url\" content=\"https:\/\/www.domainebarichet.com\/en\/vin-lavaux\/red-wine-garanoir-blonay-lavaux-les-rouvenaules\/\" \/>\n<meta property=\"og:site_name\" content=\"Domaine Barichet\" \/>\n<meta property=\"article:modified_time\" content=\"2024-09-25T08:51:39+00:00\" \/>\n<meta property=\"og:image\" content=\"https:\/\/www.domainebarichet.com\/wp\/wp-content\/uploads\/2024\/03\/Barichet-1-75.png\" \/>\n\t<meta property=\"og:image:width\" content=\"500\" \/>\n\t<meta property=\"og:image:height\" content=\"1402\" \/>\n\t<meta property=\"og:image:type\" content=\"image\/png\" \/>\n<meta name=\"twitter:card\" content=\"summary_large_image\" \/>\n<meta name=\"twitter:label1\" content=\"Est. reading time\" \/>\n\t<meta name=\"twitter:data1\" content=\"1 minute\" \/>\n<script type=\"application\/ld+json\" class=\"yoast-schema-graph\">{\"@context\":\"https:\/\/schema.org\",\"@graph\":[{\"@type\":\"WebPage\",\"@id\":\"https:\/\/www.domainebarichet.com\/en\/vin-lavaux\/red-wine-garanoir-blonay-lavaux-les-rouvenaules\/\",\"url\":\"https:\/\/www.domainebarichet.com\/en\/vin-lavaux\/red-wine-garanoir-blonay-lavaux-les-rouvenaules\/\",\"name\":\"Ros\u00e9 Wine Garanoir Les Rouvenaules - Domaine Barichet\",\"isPartOf\":{\"@id\":\"https:\/\/www.domainebarichet.com\/en\/#website\"},\"primaryImageOfPage\":{\"@id\":\"https:\/\/www.domainebarichet.com\/en\/vin-lavaux\/red-wine-garanoir-blonay-lavaux-les-rouvenaules\/#primaryimage\"},\"image\":{\"@id\":\"https:\/\/www.domainebarichet.com\/en\/vin-lavaux\/red-wine-garanoir-blonay-lavaux-les-rouvenaules\/#primaryimage\"},\"thumbnailUrl\":\"https:\/\/www.domainebarichet.com\/wp\/wp-content\/uploads\/2024\/03\/Barichet-1-75.png\",\"datePublished\":\"2023-10-02T14:49:02+00:00\",\"dateModified\":\"2024-09-25T08:51:39+00:00\",\"description\":\"Le Garanoir, ce c\u00e9page d\u00e9velopp\u00e9 en Suisse, vous apportera une d\u00e9gustation marqu\u00e9e par le terroir de Lavaux. Vin issue de la gamme Tradition.\",\"breadcrumb\":{\"@id\":\"https:\/\/www.domainebarichet.com\/en\/vin-lavaux\/red-wine-garanoir-blonay-lavaux-les-rouvenaules\/#breadcrumb\"},\"inLanguage\":\"en-US\",\"potentialAction\":[{\"@type\":\"ReadAction\",\"target\":[\"https:\/\/www.domainebarichet.com\/en\/vin-lavaux\/red-wine-garanoir-blonay-lavaux-les-rouvenaules\/\"]}]},{\"@type\":\"ImageObject\",\"inLanguage\":\"en-US\",\"@id\":\"https:\/\/www.domainebarichet.com\/en\/vin-lavaux\/red-wine-garanoir-blonay-lavaux-les-rouvenaules\/#primaryimage\",\"url\":\"https:\/\/www.domainebarichet.com\/wp\/wp-content\/uploads\/2024\/03\/Barichet-1-75.png\",\"contentUrl\":\"https:\/\/www.domainebarichet.com\/wp\/wp-content\/uploads\/2024\/03\/Barichet-1-75.png\",\"width\":500,\"height\":1402,\"caption\":\"Lavaux vin Garanoir direct cave propri\u00e9taire\"},{\"@type\":\"BreadcrumbList\",\"@id\":\"https:\/\/www.domainebarichet.com\/en\/vin-lavaux\/red-wine-garanoir-blonay-lavaux-les-rouvenaules\/#breadcrumb\",\"itemListElement\":[{\"@type\":\"ListItem\",\"position\":1,\"name\":\"Accueil\",\"item\":\"https:\/\/www.domainebarichet.com\/en\/home-page\/\"},{\"@type\":\"ListItem\",\"position\":2,\"name\":\"Shop\",\"item\":\"https:\/\/www.domainebarichet.com\/en\/shop\/\"},{\"@type\":\"ListItem\",\"position\":3,\"name\":\"Ros\u00e9 Wine Garanoir Les Rouvenaules\"}]},{\"@type\":\"WebSite\",\"@id\":\"https:\/\/www.domainebarichet.com\/en\/#website\",\"url\":\"https:\/\/www.domainebarichet.com\/en\/\",\"name\":\"Domaine Barichet\",\"description\":\"De nos muses, le chai\",\"publisher\":{\"@id\":\"https:\/\/www.domainebarichet.com\/en\/#organization\"},\"potentialAction\":[{\"@type\":\"SearchAction\",\"target\":{\"@type\":\"EntryPoint\",\"urlTemplate\":\"https:\/\/www.domainebarichet.com\/en\/?s={search_term_string}\"},\"query-input\":\"required name=search_term_string\"}],\"inLanguage\":\"en-US\"},{\"@type\":\"Organization\",\"@id\":\"https:\/\/www.domainebarichet.com\/en\/#organization\",\"name\":\"Domaine Barichet\",\"url\":\"https:\/\/www.domainebarichet.com\/en\/\",\"logo\":{\"@type\":\"ImageObject\",\"inLanguage\":\"en-US\",\"@id\":\"https:\/\/www.domainebarichet.com\/en\/#\/schema\/logo\/image\/\",\"url\":\"https:\/\/www.domainebarichet.com\/wp\/wp-content\/uploads\/2024\/04\/Logo_DEF-Copie.png\",\"contentUrl\":\"https:\/\/www.domainebarichet.com\/wp\/wp-content\/uploads\/2024\/04\/Logo_DEF-Copie.png\",\"width\":1008,\"height\":1008,\"caption\":\"Domaine Barichet\"},\"image\":{\"@id\":\"https:\/\/www.domainebarichet.com\/en\/#\/schema\/logo\/image\/\"}}]}<\/script>\n<!-- \/ Yoast SEO plugin. -->","yoast_head_json":{"title":"Ros\u00e9 Wine Garanoir Les Rouvenaules - Domaine Barichet","description":"Le Garanoir, ce c\u00e9page d\u00e9velopp\u00e9 en Suisse, vous apportera une d\u00e9gustation marqu\u00e9e par le terroir de Lavaux. Vin issue de la gamme Tradition.","robots":{"index":"index","follow":"follow","max-snippet":"max-snippet:-1","max-image-preview":"max-image-preview:large","max-video-preview":"max-video-preview:-1"},"canonical":"https:\/\/www.domainebarichet.com\/en\/vin-lavaux\/red-wine-garanoir-blonay-lavaux-les-rouvenaules\/","og_locale":"en_US","og_type":"article","og_title":"Ros\u00e9 Wine Garanoir Les Rouvenaules - Domaine Barichet","og_description":"Le Garanoir, ce c\u00e9page d\u00e9velopp\u00e9 en Suisse, vous apportera une d\u00e9gustation marqu\u00e9e par le terroir de Lavaux. Vin issue de la gamme Tradition.","og_url":"https:\/\/www.domainebarichet.com\/en\/vin-lavaux\/red-wine-garanoir-blonay-lavaux-les-rouvenaules\/","og_site_name":"Domaine Barichet","article_modified_time":"2024-09-25T08:51:39+00:00","og_image":[{"width":500,"height":1402,"url":"https:\/\/www.domainebarichet.com\/wp\/wp-content\/uploads\/2024\/03\/Barichet-1-75.png","type":"image\/png"}],"twitter_card":"summary_large_image","twitter_misc":{"Est. reading time":"1 minute"},"schema":{"@context":"https:\/\/schema.org","@graph":[{"@type":"WebPage","@id":"https:\/\/www.domainebarichet.com\/en\/vin-lavaux\/red-wine-garanoir-blonay-lavaux-les-rouvenaules\/","url":"https:\/\/www.domainebarichet.com\/en\/vin-lavaux\/red-wine-garanoir-blonay-lavaux-les-rouvenaules\/","name":"Ros\u00e9 Wine Garanoir Les Rouvenaules - Domaine Barichet","isPartOf":{"@id":"https:\/\/www.domainebarichet.com\/en\/#website"},"primaryImageOfPage":{"@id":"https:\/\/www.domainebarichet.com\/en\/vin-lavaux\/red-wine-garanoir-blonay-lavaux-les-rouvenaules\/#primaryimage"},"image":{"@id":"https:\/\/www.domainebarichet.com\/en\/vin-lavaux\/red-wine-garanoir-blonay-lavaux-les-rouvenaules\/#primaryimage"},"thumbnailUrl":"https:\/\/www.domainebarichet.com\/wp\/wp-content\/uploads\/2024\/03\/Barichet-1-75.png","datePublished":"2023-10-02T14:49:02+00:00","dateModified":"2024-09-25T08:51:39+00:00","description":"Le Garanoir, ce c\u00e9page d\u00e9velopp\u00e9 en Suisse, vous apportera une d\u00e9gustation marqu\u00e9e par le terroir de Lavaux. Vin issue de la gamme Tradition.","breadcrumb":{"@id":"https:\/\/www.domainebarichet.com\/en\/vin-lavaux\/red-wine-garanoir-blonay-lavaux-les-rouvenaules\/#breadcrumb"},"inLanguage":"en-US","potentialAction":[{"@type":"ReadAction","target":["https:\/\/www.domainebarichet.com\/en\/vin-lavaux\/red-wine-garanoir-blonay-lavaux-les-rouvenaules\/"]}]},{"@type":"ImageObject","inLanguage":"en-US","@id":"https:\/\/www.domainebarichet.com\/en\/vin-lavaux\/red-wine-garanoir-blonay-lavaux-les-rouvenaules\/#primaryimage","url":"https:\/\/www.domainebarichet.com\/wp\/wp-content\/uploads\/2024\/03\/Barichet-1-75.png","contentUrl":"https:\/\/www.domainebarichet.com\/wp\/wp-content\/uploads\/2024\/03\/Barichet-1-75.png","width":500,"height":1402,"caption":"Lavaux vin Garanoir direct cave propri\u00e9taire"},{"@type":"BreadcrumbList","@id":"https:\/\/www.domainebarichet.com\/en\/vin-lavaux\/red-wine-garanoir-blonay-lavaux-les-rouvenaules\/#breadcrumb","itemListElement":[{"@type":"ListItem","position":1,"name":"Accueil","item":"https:\/\/www.domainebarichet.com\/en\/home-page\/"},{"@type":"ListItem","position":2,"name":"Shop","item":"https:\/\/www.domainebarichet.com\/en\/shop\/"},{"@type":"ListItem","position":3,"name":"Ros\u00e9 Wine Garanoir Les Rouvenaules"}]},{"@type":"WebSite","@id":"https:\/\/www.domainebarichet.com\/en\/#website","url":"https:\/\/www.domainebarichet.com\/en\/","name":"Domaine Barichet","description":"De nos muses, le chai","publisher":{"@id":"https:\/\/www.domainebarichet.com\/en\/#organization"},"potentialAction":[{"@type":"SearchAction","target":{"@type":"EntryPoint","urlTemplate":"https:\/\/www.domainebarichet.com\/en\/?s={search_term_string}"},"query-input":"required name=search_term_string"}],"inLanguage":"en-US"},{"@type":"Organization","@id":"https:\/\/www.domainebarichet.com\/en\/#organization","name":"Domaine Barichet","url":"https:\/\/www.domainebarichet.com\/en\/","logo":{"@type":"ImageObject","inLanguage":"en-US","@id":"https:\/\/www.domainebarichet.com\/en\/#\/schema\/logo\/image\/","url":"https:\/\/www.domainebarichet.com\/wp\/wp-content\/uploads\/2024\/04\/Logo_DEF-Copie.png","contentUrl":"https:\/\/www.domainebarichet.com\/wp\/wp-content\/uploads\/2024\/04\/Logo_DEF-Copie.png","width":1008,"height":1008,"caption":"Domaine Barichet"},"image":{"@id":"https:\/\/www.domainebarichet.com\/en\/#\/schema\/logo\/image\/"}}]}},"_links":{"self":[{"href":"https:\/\/www.domainebarichet.com\/en\/wp-json\/wp\/v2\/product\/1329"}],"collection":[{"href":"https:\/\/www.domainebarichet.com\/en\/wp-json\/wp\/v2\/product"}],"about":[{"href":"https:\/\/www.domainebarichet.com\/en\/wp-json\/wp\/v2\/types\/product"}],"wp:featuredmedia":[{"embeddable":true,"href":"https:\/\/www.domainebarichet.com\/en\/wp-json\/wp\/v2\/media\/1069"}],"wp:attachment":[{"href":"https:\/\/www.domainebarichet.com\/en\/wp-json\/wp\/v2\/media?parent=1329"}],"wp:term":[{"taxonomy":"product_cat","embeddable":true,"href":"https:\/\/www.domainebarichet.com\/en\/wp-json\/wp\/v2\/product_cat?post=1329"},{"taxonomy":"product_tag","embeddable":true,"href":"https:\/\/www.domainebarichet.com\/en\/wp-json\/wp\/v2\/product_tag?post=1329"}],"curies":[{"name":"wp","href":"https:\/\/api.w.org\/{rel}","templated":true}]}}