{"id":1327,"date":"2023-10-02T16:51:26","date_gmt":"2023-10-02T14:51:26","guid":{"rendered":"https:\/\/www.domainebarichet.com\/produit\/en-champs-rois\/"},"modified":"2024-09-25T10:47:57","modified_gmt":"2024-09-25T08:47:57","slug":"white-wine-chardonnay-blonay-lavaux-en-champs-rois","status":"publish","type":"product","link":"https:\/\/www.domainebarichet.com\/en\/vin-lavaux\/white-wine-chardonnay-blonay-lavaux-en-champs-rois\/","title":{"rendered":"White Wine Chardonnay En Champs-Ro\u00efs"},"content":{"rendered":"<h4>TASTING NOTES :<\/h4>\n<p>This white wine made with Chardonnay grap is distinguished by its beautiful luminous and brilliant color. It has a good attack on the palate, revealing a dry character and subtle citrus aromas. Its liveliness brings a welcome freshness, while its good structure on the palate demonstrates its balance and finesse. A Chardonnay that will elegantly accompany your meals and captivate refined wine enthusiasts.<\/p>\n<h4>FOOD PAIRING :<\/h4>\n<p>Domaine Barichet suggests pairing our &#8220;En Champs-Ro\u00efs&#8221; wine with a delicious <strong>pike-perch prepared in beurre blanc<\/strong>, an exquisite combination that will highlight the refined flavors of each bite.<\/p>\n","protected":false},"excerpt":{"rendered":"<p>Our white wine Chardonnay, a refined wine reminiscent of the great white wines of Burgundy.<\/p>\n","protected":false},"featured_media":1077,"template":"","meta":{"content-type":"","inline_featured_image":false},"product_cat":[99,90],"product_tag":[],"yoast_head":"<!-- This site is optimized with the Yoast SEO plugin v22.3 - https:\/\/yoast.com\/wordpress\/plugins\/seo\/ -->\n<title>White Wine Chardonnay En Champs-Ro\u00efs - Domaine Barichet<\/title>\n<meta name=\"description\" content=\"Notre Chardonnay, un vin\u00a0blanc raffin\u00e9 qui rappelle les grands vins blanc de Bourgogne. Un Chardonnay qui saura accompagner avec \u00e9l\u00e9gance vos repas.\" \/>\n<meta name=\"robots\" content=\"index, follow, max-snippet:-1, max-image-preview:large, max-video-preview:-1\" \/>\n<link rel=\"canonical\" href=\"https:\/\/www.domainebarichet.com\/en\/vin-lavaux\/white-wine-chardonnay-blonay-lavaux-en-champs-rois\/\" \/>\n<meta property=\"og:locale\" content=\"en_US\" \/>\n<meta property=\"og:type\" content=\"article\" \/>\n<meta property=\"og:title\" content=\"White Wine Chardonnay En Champs-Ro\u00efs - Domaine Barichet\" \/>\n<meta property=\"og:description\" content=\"Notre Chardonnay, un vin\u00a0blanc raffin\u00e9 qui rappelle les grands vins blanc de Bourgogne. Un Chardonnay qui saura accompagner avec \u00e9l\u00e9gance vos repas.\" \/>\n<meta property=\"og:url\" content=\"https:\/\/www.domainebarichet.com\/en\/vin-lavaux\/white-wine-chardonnay-blonay-lavaux-en-champs-rois\/\" \/>\n<meta property=\"og:site_name\" content=\"Domaine Barichet\" \/>\n<meta property=\"article:modified_time\" content=\"2024-09-25T08:47:57+00:00\" \/>\n<meta property=\"og:image\" content=\"https:\/\/www.domainebarichet.com\/wp\/wp-content\/uploads\/2024\/03\/Barichet-5-75.png\" \/>\n\t<meta property=\"og:image:width\" content=\"500\" \/>\n\t<meta property=\"og:image:height\" content=\"1402\" \/>\n\t<meta property=\"og:image:type\" content=\"image\/png\" \/>\n<meta name=\"twitter:card\" content=\"summary_large_image\" \/>\n<meta name=\"twitter:label1\" content=\"Est. reading time\" \/>\n\t<meta name=\"twitter:data1\" content=\"1 minute\" \/>\n<script type=\"application\/ld+json\" class=\"yoast-schema-graph\">{\"@context\":\"https:\/\/schema.org\",\"@graph\":[{\"@type\":\"WebPage\",\"@id\":\"https:\/\/www.domainebarichet.com\/en\/vin-lavaux\/white-wine-chardonnay-blonay-lavaux-en-champs-rois\/\",\"url\":\"https:\/\/www.domainebarichet.com\/en\/vin-lavaux\/white-wine-chardonnay-blonay-lavaux-en-champs-rois\/\",\"name\":\"White Wine Chardonnay En Champs-Ro\u00efs - Domaine Barichet\",\"isPartOf\":{\"@id\":\"https:\/\/www.domainebarichet.com\/en\/#website\"},\"primaryImageOfPage\":{\"@id\":\"https:\/\/www.domainebarichet.com\/en\/vin-lavaux\/white-wine-chardonnay-blonay-lavaux-en-champs-rois\/#primaryimage\"},\"image\":{\"@id\":\"https:\/\/www.domainebarichet.com\/en\/vin-lavaux\/white-wine-chardonnay-blonay-lavaux-en-champs-rois\/#primaryimage\"},\"thumbnailUrl\":\"https:\/\/www.domainebarichet.com\/wp\/wp-content\/uploads\/2024\/03\/Barichet-5-75.png\",\"datePublished\":\"2023-10-02T14:51:26+00:00\",\"dateModified\":\"2024-09-25T08:47:57+00:00\",\"description\":\"Notre Chardonnay, un vin\u00a0blanc raffin\u00e9 qui rappelle les grands vins blanc de Bourgogne. Un Chardonnay qui saura accompagner avec \u00e9l\u00e9gance vos repas.\",\"breadcrumb\":{\"@id\":\"https:\/\/www.domainebarichet.com\/en\/vin-lavaux\/white-wine-chardonnay-blonay-lavaux-en-champs-rois\/#breadcrumb\"},\"inLanguage\":\"en-US\",\"potentialAction\":[{\"@type\":\"ReadAction\",\"target\":[\"https:\/\/www.domainebarichet.com\/en\/vin-lavaux\/white-wine-chardonnay-blonay-lavaux-en-champs-rois\/\"]}]},{\"@type\":\"ImageObject\",\"inLanguage\":\"en-US\",\"@id\":\"https:\/\/www.domainebarichet.com\/en\/vin-lavaux\/white-wine-chardonnay-blonay-lavaux-en-champs-rois\/#primaryimage\",\"url\":\"https:\/\/www.domainebarichet.com\/wp\/wp-content\/uploads\/2024\/03\/Barichet-5-75.png\",\"contentUrl\":\"https:\/\/www.domainebarichet.com\/wp\/wp-content\/uploads\/2024\/03\/Barichet-5-75.png\",\"width\":500,\"height\":1402,\"caption\":\"Lavaux vin blanc chardonnay - direct cave\"},{\"@type\":\"BreadcrumbList\",\"@id\":\"https:\/\/www.domainebarichet.com\/en\/vin-lavaux\/white-wine-chardonnay-blonay-lavaux-en-champs-rois\/#breadcrumb\",\"itemListElement\":[{\"@type\":\"ListItem\",\"position\":1,\"name\":\"Accueil\",\"item\":\"https:\/\/www.domainebarichet.com\/en\/home-page\/\"},{\"@type\":\"ListItem\",\"position\":2,\"name\":\"Shop\",\"item\":\"https:\/\/www.domainebarichet.com\/en\/shop\/\"},{\"@type\":\"ListItem\",\"position\":3,\"name\":\"White Wine Chardonnay En Champs-Ro\u00efs\"}]},{\"@type\":\"WebSite\",\"@id\":\"https:\/\/www.domainebarichet.com\/en\/#website\",\"url\":\"https:\/\/www.domainebarichet.com\/en\/\",\"name\":\"Domaine Barichet\",\"description\":\"De nos muses, le chai\",\"publisher\":{\"@id\":\"https:\/\/www.domainebarichet.com\/en\/#organization\"},\"potentialAction\":[{\"@type\":\"SearchAction\",\"target\":{\"@type\":\"EntryPoint\",\"urlTemplate\":\"https:\/\/www.domainebarichet.com\/en\/?s={search_term_string}\"},\"query-input\":\"required name=search_term_string\"}],\"inLanguage\":\"en-US\"},{\"@type\":\"Organization\",\"@id\":\"https:\/\/www.domainebarichet.com\/en\/#organization\",\"name\":\"Domaine Barichet\",\"url\":\"https:\/\/www.domainebarichet.com\/en\/\",\"logo\":{\"@type\":\"ImageObject\",\"inLanguage\":\"en-US\",\"@id\":\"https:\/\/www.domainebarichet.com\/en\/#\/schema\/logo\/image\/\",\"url\":\"https:\/\/www.domainebarichet.com\/wp\/wp-content\/uploads\/2024\/04\/Logo_DEF-Copie.png\",\"contentUrl\":\"https:\/\/www.domainebarichet.com\/wp\/wp-content\/uploads\/2024\/04\/Logo_DEF-Copie.png\",\"width\":1008,\"height\":1008,\"caption\":\"Domaine Barichet\"},\"image\":{\"@id\":\"https:\/\/www.domainebarichet.com\/en\/#\/schema\/logo\/image\/\"}}]}<\/script>\n<!-- \/ Yoast SEO plugin. -->","yoast_head_json":{"title":"White Wine Chardonnay En Champs-Ro\u00efs - Domaine Barichet","description":"Notre Chardonnay, un vin\u00a0blanc raffin\u00e9 qui rappelle les grands vins blanc de Bourgogne. Un Chardonnay qui saura accompagner avec \u00e9l\u00e9gance vos repas.","robots":{"index":"index","follow":"follow","max-snippet":"max-snippet:-1","max-image-preview":"max-image-preview:large","max-video-preview":"max-video-preview:-1"},"canonical":"https:\/\/www.domainebarichet.com\/en\/vin-lavaux\/white-wine-chardonnay-blonay-lavaux-en-champs-rois\/","og_locale":"en_US","og_type":"article","og_title":"White Wine Chardonnay En Champs-Ro\u00efs - Domaine Barichet","og_description":"Notre Chardonnay, un vin\u00a0blanc raffin\u00e9 qui rappelle les grands vins blanc de Bourgogne. Un Chardonnay qui saura accompagner avec \u00e9l\u00e9gance vos repas.","og_url":"https:\/\/www.domainebarichet.com\/en\/vin-lavaux\/white-wine-chardonnay-blonay-lavaux-en-champs-rois\/","og_site_name":"Domaine Barichet","article_modified_time":"2024-09-25T08:47:57+00:00","og_image":[{"width":500,"height":1402,"url":"https:\/\/www.domainebarichet.com\/wp\/wp-content\/uploads\/2024\/03\/Barichet-5-75.png","type":"image\/png"}],"twitter_card":"summary_large_image","twitter_misc":{"Est. reading time":"1 minute"},"schema":{"@context":"https:\/\/schema.org","@graph":[{"@type":"WebPage","@id":"https:\/\/www.domainebarichet.com\/en\/vin-lavaux\/white-wine-chardonnay-blonay-lavaux-en-champs-rois\/","url":"https:\/\/www.domainebarichet.com\/en\/vin-lavaux\/white-wine-chardonnay-blonay-lavaux-en-champs-rois\/","name":"White Wine Chardonnay En Champs-Ro\u00efs - Domaine Barichet","isPartOf":{"@id":"https:\/\/www.domainebarichet.com\/en\/#website"},"primaryImageOfPage":{"@id":"https:\/\/www.domainebarichet.com\/en\/vin-lavaux\/white-wine-chardonnay-blonay-lavaux-en-champs-rois\/#primaryimage"},"image":{"@id":"https:\/\/www.domainebarichet.com\/en\/vin-lavaux\/white-wine-chardonnay-blonay-lavaux-en-champs-rois\/#primaryimage"},"thumbnailUrl":"https:\/\/www.domainebarichet.com\/wp\/wp-content\/uploads\/2024\/03\/Barichet-5-75.png","datePublished":"2023-10-02T14:51:26+00:00","dateModified":"2024-09-25T08:47:57+00:00","description":"Notre Chardonnay, un vin\u00a0blanc raffin\u00e9 qui rappelle les grands vins blanc de Bourgogne. Un Chardonnay qui saura accompagner avec \u00e9l\u00e9gance vos repas.","breadcrumb":{"@id":"https:\/\/www.domainebarichet.com\/en\/vin-lavaux\/white-wine-chardonnay-blonay-lavaux-en-champs-rois\/#breadcrumb"},"inLanguage":"en-US","potentialAction":[{"@type":"ReadAction","target":["https:\/\/www.domainebarichet.com\/en\/vin-lavaux\/white-wine-chardonnay-blonay-lavaux-en-champs-rois\/"]}]},{"@type":"ImageObject","inLanguage":"en-US","@id":"https:\/\/www.domainebarichet.com\/en\/vin-lavaux\/white-wine-chardonnay-blonay-lavaux-en-champs-rois\/#primaryimage","url":"https:\/\/www.domainebarichet.com\/wp\/wp-content\/uploads\/2024\/03\/Barichet-5-75.png","contentUrl":"https:\/\/www.domainebarichet.com\/wp\/wp-content\/uploads\/2024\/03\/Barichet-5-75.png","width":500,"height":1402,"caption":"Lavaux vin blanc chardonnay - direct cave"},{"@type":"BreadcrumbList","@id":"https:\/\/www.domainebarichet.com\/en\/vin-lavaux\/white-wine-chardonnay-blonay-lavaux-en-champs-rois\/#breadcrumb","itemListElement":[{"@type":"ListItem","position":1,"name":"Accueil","item":"https:\/\/www.domainebarichet.com\/en\/home-page\/"},{"@type":"ListItem","position":2,"name":"Shop","item":"https:\/\/www.domainebarichet.com\/en\/shop\/"},{"@type":"ListItem","position":3,"name":"White Wine Chardonnay En Champs-Ro\u00efs"}]},{"@type":"WebSite","@id":"https:\/\/www.domainebarichet.com\/en\/#website","url":"https:\/\/www.domainebarichet.com\/en\/","name":"Domaine Barichet","description":"De nos muses, le chai","publisher":{"@id":"https:\/\/www.domainebarichet.com\/en\/#organization"},"potentialAction":[{"@type":"SearchAction","target":{"@type":"EntryPoint","urlTemplate":"https:\/\/www.domainebarichet.com\/en\/?s={search_term_string}"},"query-input":"required name=search_term_string"}],"inLanguage":"en-US"},{"@type":"Organization","@id":"https:\/\/www.domainebarichet.com\/en\/#organization","name":"Domaine Barichet","url":"https:\/\/www.domainebarichet.com\/en\/","logo":{"@type":"ImageObject","inLanguage":"en-US","@id":"https:\/\/www.domainebarichet.com\/en\/#\/schema\/logo\/image\/","url":"https:\/\/www.domainebarichet.com\/wp\/wp-content\/uploads\/2024\/04\/Logo_DEF-Copie.png","contentUrl":"https:\/\/www.domainebarichet.com\/wp\/wp-content\/uploads\/2024\/04\/Logo_DEF-Copie.png","width":1008,"height":1008,"caption":"Domaine Barichet"},"image":{"@id":"https:\/\/www.domainebarichet.com\/en\/#\/schema\/logo\/image\/"}}]}},"_links":{"self":[{"href":"https:\/\/www.domainebarichet.com\/en\/wp-json\/wp\/v2\/product\/1327"}],"collection":[{"href":"https:\/\/www.domainebarichet.com\/en\/wp-json\/wp\/v2\/product"}],"about":[{"href":"https:\/\/www.domainebarichet.com\/en\/wp-json\/wp\/v2\/types\/product"}],"wp:featuredmedia":[{"embeddable":true,"href":"https:\/\/www.domainebarichet.com\/en\/wp-json\/wp\/v2\/media\/1077"}],"wp:attachment":[{"href":"https:\/\/www.domainebarichet.com\/en\/wp-json\/wp\/v2\/media?parent=1327"}],"wp:term":[{"taxonomy":"product_cat","embeddable":true,"href":"https:\/\/www.domainebarichet.com\/en\/wp-json\/wp\/v2\/product_cat?post=1327"},{"taxonomy":"product_tag","embeddable":true,"href":"https:\/\/www.domainebarichet.com\/en\/wp-json\/wp\/v2\/product_tag?post=1327"}],"curies":[{"name":"wp","href":"https:\/\/api.w.org\/{rel}","templated":true}]}}