{"id":1321,"date":"2023-10-02T16:52:51","date_gmt":"2023-10-02T14:52:51","guid":{"rendered":"https:\/\/www.domainebarichet.com\/produit\/les-rouvenaules-2\/"},"modified":"2024-09-25T10:22:55","modified_gmt":"2024-09-25T08:22:55","slug":"white-wine-chasselas-les-rouvenaules-2","status":"publish","type":"product","link":"https:\/\/www.domainebarichet.com\/en\/vin-lavaux\/white-wine-chasselas-les-rouvenaules-2\/","title":{"rendered":"White wine Chasselas Les Rouvenaules"},"content":{"rendered":"<h4>TASTING NOTES :<\/h4>\n<p>The Tradition range offers a Chasselas with subtle and elegant characteristics. This wine reveals a delicate nose, a smooth attack on the palate with a beautiful fruity note. Typical of the great Chasselas wines from Lavaux, it is perfect both as an aperitif and at the table, offering a refined and authentic tasting experience.<\/p>\n<h4>FOOD PAIRING :<\/h4>\n<p>Domaine Barichet recommends fully enjoying our wine &#8220;Les Rouvenaules&#8221; by pairing it with a delicious <strong>Vacherin Mont-d&#8217;Or<\/strong>, creating a perfect gustatory harmony between the richness of our wine and the finesse of this exceptional cheese.<\/p>\n","protected":false},"excerpt":{"rendered":"<p>Savor the elegance of the terroir with this white wine from Blonay Lavaux Les Rouvenaules, a refined Chasselas that awakens the senses.<\/p>\n","protected":false},"featured_media":1115,"template":"","meta":{"content-type":"","inline_featured_image":false},"product_cat":[99,90],"product_tag":[],"yoast_head":"<!-- This site is optimized with the Yoast SEO plugin v22.3 - https:\/\/yoast.com\/wordpress\/plugins\/seo\/ -->\n<title>White wine Chasselas Les Rouvenaules - Domaine Barichet<\/title>\n<meta name=\"description\" content=\"Savourez l&#039;\u00e9l\u00e9gance du terroir avec ce vin blanc Blonay Lavaux Les Rouvenaules, un Chasselas raffin\u00e9 qui \u00e9veille les sens. un vin du Domaine Barichet.\" \/>\n<meta name=\"robots\" content=\"index, follow, max-snippet:-1, max-image-preview:large, max-video-preview:-1\" \/>\n<link rel=\"canonical\" href=\"https:\/\/www.domainebarichet.com\/en\/vin-lavaux\/white-wine-chasselas-les-rouvenaules-2\/\" \/>\n<meta property=\"og:locale\" content=\"en_US\" \/>\n<meta property=\"og:type\" content=\"article\" \/>\n<meta property=\"og:title\" content=\"White wine Chasselas Les Rouvenaules - Domaine Barichet\" \/>\n<meta property=\"og:description\" content=\"Savourez l&#039;\u00e9l\u00e9gance du terroir avec ce vin blanc Blonay Lavaux Les Rouvenaules, un Chasselas raffin\u00e9 qui \u00e9veille les sens. un vin du Domaine Barichet.\" \/>\n<meta property=\"og:url\" content=\"https:\/\/www.domainebarichet.com\/en\/vin-lavaux\/white-wine-chasselas-les-rouvenaules-2\/\" \/>\n<meta property=\"og:site_name\" content=\"Domaine Barichet\" \/>\n<meta property=\"article:modified_time\" content=\"2024-09-25T08:22:55+00:00\" \/>\n<meta property=\"og:image\" content=\"https:\/\/www.domainebarichet.com\/wp\/wp-content\/uploads\/2023\/10\/Barichet-13-75-2.png\" \/>\n\t<meta property=\"og:image:width\" content=\"570\" \/>\n\t<meta property=\"og:image:height\" content=\"1598\" \/>\n\t<meta property=\"og:image:type\" content=\"image\/png\" \/>\n<meta name=\"twitter:card\" content=\"summary_large_image\" \/>\n<meta name=\"twitter:label1\" content=\"Est. reading time\" \/>\n\t<meta name=\"twitter:data1\" content=\"1 minute\" \/>\n<script type=\"application\/ld+json\" class=\"yoast-schema-graph\">{\"@context\":\"https:\/\/schema.org\",\"@graph\":[{\"@type\":\"WebPage\",\"@id\":\"https:\/\/www.domainebarichet.com\/en\/vin-lavaux\/white-wine-chasselas-les-rouvenaules-2\/\",\"url\":\"https:\/\/www.domainebarichet.com\/en\/vin-lavaux\/white-wine-chasselas-les-rouvenaules-2\/\",\"name\":\"White wine Chasselas Les Rouvenaules - Domaine Barichet\",\"isPartOf\":{\"@id\":\"https:\/\/www.domainebarichet.com\/en\/#website\"},\"primaryImageOfPage\":{\"@id\":\"https:\/\/www.domainebarichet.com\/en\/vin-lavaux\/white-wine-chasselas-les-rouvenaules-2\/#primaryimage\"},\"image\":{\"@id\":\"https:\/\/www.domainebarichet.com\/en\/vin-lavaux\/white-wine-chasselas-les-rouvenaules-2\/#primaryimage\"},\"thumbnailUrl\":\"https:\/\/www.domainebarichet.com\/wp\/wp-content\/uploads\/2023\/10\/Barichet-13-75-2.png\",\"datePublished\":\"2023-10-02T14:52:51+00:00\",\"dateModified\":\"2024-09-25T08:22:55+00:00\",\"description\":\"Savourez l'\u00e9l\u00e9gance du terroir avec ce vin blanc Blonay Lavaux Les Rouvenaules, un Chasselas raffin\u00e9 qui \u00e9veille les sens. un vin du Domaine Barichet.\",\"breadcrumb\":{\"@id\":\"https:\/\/www.domainebarichet.com\/en\/vin-lavaux\/white-wine-chasselas-les-rouvenaules-2\/#breadcrumb\"},\"inLanguage\":\"en-US\",\"potentialAction\":[{\"@type\":\"ReadAction\",\"target\":[\"https:\/\/www.domainebarichet.com\/en\/vin-lavaux\/white-wine-chasselas-les-rouvenaules-2\/\"]}]},{\"@type\":\"ImageObject\",\"inLanguage\":\"en-US\",\"@id\":\"https:\/\/www.domainebarichet.com\/en\/vin-lavaux\/white-wine-chasselas-les-rouvenaules-2\/#primaryimage\",\"url\":\"https:\/\/www.domainebarichet.com\/wp\/wp-content\/uploads\/2023\/10\/Barichet-13-75-2.png\",\"contentUrl\":\"https:\/\/www.domainebarichet.com\/wp\/wp-content\/uploads\/2023\/10\/Barichet-13-75-2.png\",\"width\":570,\"height\":1598,\"caption\":\"white wine chasselas lavaux\"},{\"@type\":\"BreadcrumbList\",\"@id\":\"https:\/\/www.domainebarichet.com\/en\/vin-lavaux\/white-wine-chasselas-les-rouvenaules-2\/#breadcrumb\",\"itemListElement\":[{\"@type\":\"ListItem\",\"position\":1,\"name\":\"Accueil\",\"item\":\"https:\/\/www.domainebarichet.com\/en\/home-page\/\"},{\"@type\":\"ListItem\",\"position\":2,\"name\":\"Shop\",\"item\":\"https:\/\/www.domainebarichet.com\/en\/shop\/\"},{\"@type\":\"ListItem\",\"position\":3,\"name\":\"White wine Chasselas Les Rouvenaules\"}]},{\"@type\":\"WebSite\",\"@id\":\"https:\/\/www.domainebarichet.com\/en\/#website\",\"url\":\"https:\/\/www.domainebarichet.com\/en\/\",\"name\":\"Domaine Barichet\",\"description\":\"De nos muses, le chai\",\"publisher\":{\"@id\":\"https:\/\/www.domainebarichet.com\/en\/#organization\"},\"potentialAction\":[{\"@type\":\"SearchAction\",\"target\":{\"@type\":\"EntryPoint\",\"urlTemplate\":\"https:\/\/www.domainebarichet.com\/en\/?s={search_term_string}\"},\"query-input\":\"required name=search_term_string\"}],\"inLanguage\":\"en-US\"},{\"@type\":\"Organization\",\"@id\":\"https:\/\/www.domainebarichet.com\/en\/#organization\",\"name\":\"Domaine Barichet\",\"url\":\"https:\/\/www.domainebarichet.com\/en\/\",\"logo\":{\"@type\":\"ImageObject\",\"inLanguage\":\"en-US\",\"@id\":\"https:\/\/www.domainebarichet.com\/en\/#\/schema\/logo\/image\/\",\"url\":\"https:\/\/www.domainebarichet.com\/wp\/wp-content\/uploads\/2024\/04\/Logo_DEF-Copie.png\",\"contentUrl\":\"https:\/\/www.domainebarichet.com\/wp\/wp-content\/uploads\/2024\/04\/Logo_DEF-Copie.png\",\"width\":1008,\"height\":1008,\"caption\":\"Domaine Barichet\"},\"image\":{\"@id\":\"https:\/\/www.domainebarichet.com\/en\/#\/schema\/logo\/image\/\"}}]}<\/script>\n<!-- \/ Yoast SEO plugin. -->","yoast_head_json":{"title":"White wine Chasselas Les Rouvenaules - Domaine Barichet","description":"Savourez l'\u00e9l\u00e9gance du terroir avec ce vin blanc Blonay Lavaux Les Rouvenaules, un Chasselas raffin\u00e9 qui \u00e9veille les sens. un vin du Domaine Barichet.","robots":{"index":"index","follow":"follow","max-snippet":"max-snippet:-1","max-image-preview":"max-image-preview:large","max-video-preview":"max-video-preview:-1"},"canonical":"https:\/\/www.domainebarichet.com\/en\/vin-lavaux\/white-wine-chasselas-les-rouvenaules-2\/","og_locale":"en_US","og_type":"article","og_title":"White wine Chasselas Les Rouvenaules - Domaine Barichet","og_description":"Savourez l'\u00e9l\u00e9gance du terroir avec ce vin blanc Blonay Lavaux Les Rouvenaules, un Chasselas raffin\u00e9 qui \u00e9veille les sens. un vin du Domaine Barichet.","og_url":"https:\/\/www.domainebarichet.com\/en\/vin-lavaux\/white-wine-chasselas-les-rouvenaules-2\/","og_site_name":"Domaine Barichet","article_modified_time":"2024-09-25T08:22:55+00:00","og_image":[{"width":570,"height":1598,"url":"https:\/\/www.domainebarichet.com\/wp\/wp-content\/uploads\/2023\/10\/Barichet-13-75-2.png","type":"image\/png"}],"twitter_card":"summary_large_image","twitter_misc":{"Est. reading time":"1 minute"},"schema":{"@context":"https:\/\/schema.org","@graph":[{"@type":"WebPage","@id":"https:\/\/www.domainebarichet.com\/en\/vin-lavaux\/white-wine-chasselas-les-rouvenaules-2\/","url":"https:\/\/www.domainebarichet.com\/en\/vin-lavaux\/white-wine-chasselas-les-rouvenaules-2\/","name":"White wine Chasselas Les Rouvenaules - Domaine Barichet","isPartOf":{"@id":"https:\/\/www.domainebarichet.com\/en\/#website"},"primaryImageOfPage":{"@id":"https:\/\/www.domainebarichet.com\/en\/vin-lavaux\/white-wine-chasselas-les-rouvenaules-2\/#primaryimage"},"image":{"@id":"https:\/\/www.domainebarichet.com\/en\/vin-lavaux\/white-wine-chasselas-les-rouvenaules-2\/#primaryimage"},"thumbnailUrl":"https:\/\/www.domainebarichet.com\/wp\/wp-content\/uploads\/2023\/10\/Barichet-13-75-2.png","datePublished":"2023-10-02T14:52:51+00:00","dateModified":"2024-09-25T08:22:55+00:00","description":"Savourez l'\u00e9l\u00e9gance du terroir avec ce vin blanc Blonay Lavaux Les Rouvenaules, un Chasselas raffin\u00e9 qui \u00e9veille les sens. un vin du Domaine Barichet.","breadcrumb":{"@id":"https:\/\/www.domainebarichet.com\/en\/vin-lavaux\/white-wine-chasselas-les-rouvenaules-2\/#breadcrumb"},"inLanguage":"en-US","potentialAction":[{"@type":"ReadAction","target":["https:\/\/www.domainebarichet.com\/en\/vin-lavaux\/white-wine-chasselas-les-rouvenaules-2\/"]}]},{"@type":"ImageObject","inLanguage":"en-US","@id":"https:\/\/www.domainebarichet.com\/en\/vin-lavaux\/white-wine-chasselas-les-rouvenaules-2\/#primaryimage","url":"https:\/\/www.domainebarichet.com\/wp\/wp-content\/uploads\/2023\/10\/Barichet-13-75-2.png","contentUrl":"https:\/\/www.domainebarichet.com\/wp\/wp-content\/uploads\/2023\/10\/Barichet-13-75-2.png","width":570,"height":1598,"caption":"white wine chasselas lavaux"},{"@type":"BreadcrumbList","@id":"https:\/\/www.domainebarichet.com\/en\/vin-lavaux\/white-wine-chasselas-les-rouvenaules-2\/#breadcrumb","itemListElement":[{"@type":"ListItem","position":1,"name":"Accueil","item":"https:\/\/www.domainebarichet.com\/en\/home-page\/"},{"@type":"ListItem","position":2,"name":"Shop","item":"https:\/\/www.domainebarichet.com\/en\/shop\/"},{"@type":"ListItem","position":3,"name":"White wine Chasselas Les Rouvenaules"}]},{"@type":"WebSite","@id":"https:\/\/www.domainebarichet.com\/en\/#website","url":"https:\/\/www.domainebarichet.com\/en\/","name":"Domaine Barichet","description":"De nos muses, le chai","publisher":{"@id":"https:\/\/www.domainebarichet.com\/en\/#organization"},"potentialAction":[{"@type":"SearchAction","target":{"@type":"EntryPoint","urlTemplate":"https:\/\/www.domainebarichet.com\/en\/?s={search_term_string}"},"query-input":"required name=search_term_string"}],"inLanguage":"en-US"},{"@type":"Organization","@id":"https:\/\/www.domainebarichet.com\/en\/#organization","name":"Domaine Barichet","url":"https:\/\/www.domainebarichet.com\/en\/","logo":{"@type":"ImageObject","inLanguage":"en-US","@id":"https:\/\/www.domainebarichet.com\/en\/#\/schema\/logo\/image\/","url":"https:\/\/www.domainebarichet.com\/wp\/wp-content\/uploads\/2024\/04\/Logo_DEF-Copie.png","contentUrl":"https:\/\/www.domainebarichet.com\/wp\/wp-content\/uploads\/2024\/04\/Logo_DEF-Copie.png","width":1008,"height":1008,"caption":"Domaine Barichet"},"image":{"@id":"https:\/\/www.domainebarichet.com\/en\/#\/schema\/logo\/image\/"}}]}},"_links":{"self":[{"href":"https:\/\/www.domainebarichet.com\/en\/wp-json\/wp\/v2\/product\/1321"}],"collection":[{"href":"https:\/\/www.domainebarichet.com\/en\/wp-json\/wp\/v2\/product"}],"about":[{"href":"https:\/\/www.domainebarichet.com\/en\/wp-json\/wp\/v2\/types\/product"}],"wp:featuredmedia":[{"embeddable":true,"href":"https:\/\/www.domainebarichet.com\/en\/wp-json\/wp\/v2\/media\/1115"}],"wp:attachment":[{"href":"https:\/\/www.domainebarichet.com\/en\/wp-json\/wp\/v2\/media?parent=1321"}],"wp:term":[{"taxonomy":"product_cat","embeddable":true,"href":"https:\/\/www.domainebarichet.com\/en\/wp-json\/wp\/v2\/product_cat?post=1321"},{"taxonomy":"product_tag","embeddable":true,"href":"https:\/\/www.domainebarichet.com\/en\/wp-json\/wp\/v2\/product_tag?post=1321"}],"curies":[{"name":"wp","href":"https:\/\/api.w.org\/{rel}","templated":true}]}}