{"id":1311,"date":"2023-10-02T16:54:41","date_gmt":"2023-10-02T14:54:41","guid":{"rendered":"https:\/\/www.domainebarichet.com\/produit\/les-rouvenaules-3\/"},"modified":"2024-09-25T10:44:36","modified_gmt":"2024-09-25T08:44:36","slug":"rose-wine-blonay-lavaux-gamaret-les-rouvenaules","status":"publish","type":"product","link":"https:\/\/www.domainebarichet.com\/en\/vin-lavaux\/rose-wine-blonay-lavaux-gamaret-les-rouvenaules\/","title":{"rendered":"Ros\u00e9 Wine Gamaret Les Rouvenaules"},"content":{"rendered":"<h4>TASTING NOTES :<\/h4>\n<p>Discover the Gamaret Ros\u00e9 from our Tradition range, an elegant and refined wine with a delicate nose focused on fruit. Its beautiful acidity brings freshness and liveliness, while its suppleness on the palate makes it an ideal companion for gastronomy.<\/p>\n<h4>FOOD PAIRING :<\/h4>\n<p>Les Rouvenaules, a Gamaret ros\u00e9 with delicate nuances, is the perfect match for our <strong>L\u00e9man bouillabaisse<\/strong>. Its red fruit notes and freshness on the palate perfectly complement the richness and complexity of the bouillabaisse flavors, offering an exquisite balance and an unforgettable tasting experience.<\/p>\n","protected":false},"excerpt":{"rendered":"<p>A ros\u00e9 wine crafted from Gamaret grapes, discover a new way to enjoy ros\u00e9 wine as an aperitif as well as in fine dining.<\/p>\n","protected":false},"featured_media":1103,"template":"","meta":{"content-type":"","inline_featured_image":false},"product_cat":[91,90],"product_tag":[],"yoast_head":"<!-- This site is optimized with the Yoast SEO plugin v22.3 - https:\/\/yoast.com\/wordpress\/plugins\/seo\/ -->\n<title>Ros\u00e9 Wine Gamaret Les Rouvenaules - Domaine Barichet<\/title>\n<meta name=\"description\" content=\"A ros\u00e9 wine made in Blonay from Gamaret grapes, discover another way to enjoy ros\u00e9 wine as an aperitif, but also in gastronomy.\" \/>\n<meta name=\"robots\" content=\"index, follow, max-snippet:-1, max-image-preview:large, max-video-preview:-1\" \/>\n<link rel=\"canonical\" href=\"https:\/\/www.domainebarichet.com\/en\/vin-lavaux\/rose-wine-blonay-lavaux-gamaret-les-rouvenaules\/\" \/>\n<meta property=\"og:locale\" content=\"en_US\" \/>\n<meta property=\"og:type\" content=\"article\" \/>\n<meta property=\"og:title\" content=\"Ros\u00e9 Wine Gamaret Les Rouvenaules - Domaine Barichet\" \/>\n<meta property=\"og:description\" content=\"A ros\u00e9 wine made in Blonay from Gamaret grapes, discover another way to enjoy ros\u00e9 wine as an aperitif, but also in gastronomy.\" \/>\n<meta property=\"og:url\" content=\"https:\/\/www.domainebarichet.com\/en\/vin-lavaux\/rose-wine-blonay-lavaux-gamaret-les-rouvenaules\/\" \/>\n<meta property=\"og:site_name\" content=\"Domaine Barichet\" \/>\n<meta property=\"article:modified_time\" content=\"2024-09-25T08:44:36+00:00\" \/>\n<meta property=\"og:image\" content=\"https:\/\/www.domainebarichet.com\/wp\/wp-content\/uploads\/2023\/10\/Barichet-11-75_altColor-2K.png\" \/>\n\t<meta property=\"og:image:width\" content=\"514\" \/>\n\t<meta property=\"og:image:height\" content=\"1440\" \/>\n\t<meta property=\"og:image:type\" content=\"image\/png\" \/>\n<meta name=\"twitter:card\" content=\"summary_large_image\" \/>\n<meta name=\"twitter:label1\" content=\"Est. reading time\" \/>\n\t<meta name=\"twitter:data1\" content=\"1 minute\" \/>\n<script type=\"application\/ld+json\" class=\"yoast-schema-graph\">{\"@context\":\"https:\/\/schema.org\",\"@graph\":[{\"@type\":\"WebPage\",\"@id\":\"https:\/\/www.domainebarichet.com\/en\/vin-lavaux\/rose-wine-blonay-lavaux-gamaret-les-rouvenaules\/\",\"url\":\"https:\/\/www.domainebarichet.com\/en\/vin-lavaux\/rose-wine-blonay-lavaux-gamaret-les-rouvenaules\/\",\"name\":\"Ros\u00e9 Wine Gamaret Les Rouvenaules - Domaine Barichet\",\"isPartOf\":{\"@id\":\"https:\/\/www.domainebarichet.com\/en\/#website\"},\"primaryImageOfPage\":{\"@id\":\"https:\/\/www.domainebarichet.com\/en\/vin-lavaux\/rose-wine-blonay-lavaux-gamaret-les-rouvenaules\/#primaryimage\"},\"image\":{\"@id\":\"https:\/\/www.domainebarichet.com\/en\/vin-lavaux\/rose-wine-blonay-lavaux-gamaret-les-rouvenaules\/#primaryimage\"},\"thumbnailUrl\":\"https:\/\/www.domainebarichet.com\/wp\/wp-content\/uploads\/2023\/10\/Barichet-11-75_altColor-2K.png\",\"datePublished\":\"2023-10-02T14:54:41+00:00\",\"dateModified\":\"2024-09-25T08:44:36+00:00\",\"description\":\"A ros\u00e9 wine made in Blonay from Gamaret grapes, discover another way to enjoy ros\u00e9 wine as an aperitif, but also in gastronomy.\",\"breadcrumb\":{\"@id\":\"https:\/\/www.domainebarichet.com\/en\/vin-lavaux\/rose-wine-blonay-lavaux-gamaret-les-rouvenaules\/#breadcrumb\"},\"inLanguage\":\"en-US\",\"potentialAction\":[{\"@type\":\"ReadAction\",\"target\":[\"https:\/\/www.domainebarichet.com\/en\/vin-lavaux\/rose-wine-blonay-lavaux-gamaret-les-rouvenaules\/\"]}]},{\"@type\":\"ImageObject\",\"inLanguage\":\"en-US\",\"@id\":\"https:\/\/www.domainebarichet.com\/en\/vin-lavaux\/rose-wine-blonay-lavaux-gamaret-les-rouvenaules\/#primaryimage\",\"url\":\"https:\/\/www.domainebarichet.com\/wp\/wp-content\/uploads\/2023\/10\/Barichet-11-75_altColor-2K.png\",\"contentUrl\":\"https:\/\/www.domainebarichet.com\/wp\/wp-content\/uploads\/2023\/10\/Barichet-11-75_altColor-2K.png\",\"width\":514,\"height\":1440,\"caption\":\"Ros\u00e9 wine Gamaret Lavaux Blonay\"},{\"@type\":\"BreadcrumbList\",\"@id\":\"https:\/\/www.domainebarichet.com\/en\/vin-lavaux\/rose-wine-blonay-lavaux-gamaret-les-rouvenaules\/#breadcrumb\",\"itemListElement\":[{\"@type\":\"ListItem\",\"position\":1,\"name\":\"Accueil\",\"item\":\"https:\/\/www.domainebarichet.com\/en\/home-page\/\"},{\"@type\":\"ListItem\",\"position\":2,\"name\":\"Shop\",\"item\":\"https:\/\/www.domainebarichet.com\/en\/shop\/\"},{\"@type\":\"ListItem\",\"position\":3,\"name\":\"Ros\u00e9 Wine Gamaret Les Rouvenaules\"}]},{\"@type\":\"WebSite\",\"@id\":\"https:\/\/www.domainebarichet.com\/en\/#website\",\"url\":\"https:\/\/www.domainebarichet.com\/en\/\",\"name\":\"Domaine Barichet\",\"description\":\"De nos muses, le chai\",\"publisher\":{\"@id\":\"https:\/\/www.domainebarichet.com\/en\/#organization\"},\"potentialAction\":[{\"@type\":\"SearchAction\",\"target\":{\"@type\":\"EntryPoint\",\"urlTemplate\":\"https:\/\/www.domainebarichet.com\/en\/?s={search_term_string}\"},\"query-input\":\"required name=search_term_string\"}],\"inLanguage\":\"en-US\"},{\"@type\":\"Organization\",\"@id\":\"https:\/\/www.domainebarichet.com\/en\/#organization\",\"name\":\"Domaine Barichet\",\"url\":\"https:\/\/www.domainebarichet.com\/en\/\",\"logo\":{\"@type\":\"ImageObject\",\"inLanguage\":\"en-US\",\"@id\":\"https:\/\/www.domainebarichet.com\/en\/#\/schema\/logo\/image\/\",\"url\":\"https:\/\/www.domainebarichet.com\/wp\/wp-content\/uploads\/2024\/04\/Logo_DEF-Copie.png\",\"contentUrl\":\"https:\/\/www.domainebarichet.com\/wp\/wp-content\/uploads\/2024\/04\/Logo_DEF-Copie.png\",\"width\":1008,\"height\":1008,\"caption\":\"Domaine Barichet\"},\"image\":{\"@id\":\"https:\/\/www.domainebarichet.com\/en\/#\/schema\/logo\/image\/\"}}]}<\/script>\n<!-- \/ Yoast SEO plugin. -->","yoast_head_json":{"title":"Ros\u00e9 Wine Gamaret Les Rouvenaules - Domaine Barichet","description":"A ros\u00e9 wine made in Blonay from Gamaret grapes, discover another way to enjoy ros\u00e9 wine as an aperitif, but also in gastronomy.","robots":{"index":"index","follow":"follow","max-snippet":"max-snippet:-1","max-image-preview":"max-image-preview:large","max-video-preview":"max-video-preview:-1"},"canonical":"https:\/\/www.domainebarichet.com\/en\/vin-lavaux\/rose-wine-blonay-lavaux-gamaret-les-rouvenaules\/","og_locale":"en_US","og_type":"article","og_title":"Ros\u00e9 Wine Gamaret Les Rouvenaules - Domaine Barichet","og_description":"A ros\u00e9 wine made in Blonay from Gamaret grapes, discover another way to enjoy ros\u00e9 wine as an aperitif, but also in gastronomy.","og_url":"https:\/\/www.domainebarichet.com\/en\/vin-lavaux\/rose-wine-blonay-lavaux-gamaret-les-rouvenaules\/","og_site_name":"Domaine Barichet","article_modified_time":"2024-09-25T08:44:36+00:00","og_image":[{"width":514,"height":1440,"url":"https:\/\/www.domainebarichet.com\/wp\/wp-content\/uploads\/2023\/10\/Barichet-11-75_altColor-2K.png","type":"image\/png"}],"twitter_card":"summary_large_image","twitter_misc":{"Est. reading time":"1 minute"},"schema":{"@context":"https:\/\/schema.org","@graph":[{"@type":"WebPage","@id":"https:\/\/www.domainebarichet.com\/en\/vin-lavaux\/rose-wine-blonay-lavaux-gamaret-les-rouvenaules\/","url":"https:\/\/www.domainebarichet.com\/en\/vin-lavaux\/rose-wine-blonay-lavaux-gamaret-les-rouvenaules\/","name":"Ros\u00e9 Wine Gamaret Les Rouvenaules - Domaine Barichet","isPartOf":{"@id":"https:\/\/www.domainebarichet.com\/en\/#website"},"primaryImageOfPage":{"@id":"https:\/\/www.domainebarichet.com\/en\/vin-lavaux\/rose-wine-blonay-lavaux-gamaret-les-rouvenaules\/#primaryimage"},"image":{"@id":"https:\/\/www.domainebarichet.com\/en\/vin-lavaux\/rose-wine-blonay-lavaux-gamaret-les-rouvenaules\/#primaryimage"},"thumbnailUrl":"https:\/\/www.domainebarichet.com\/wp\/wp-content\/uploads\/2023\/10\/Barichet-11-75_altColor-2K.png","datePublished":"2023-10-02T14:54:41+00:00","dateModified":"2024-09-25T08:44:36+00:00","description":"A ros\u00e9 wine made in Blonay from Gamaret grapes, discover another way to enjoy ros\u00e9 wine as an aperitif, but also in gastronomy.","breadcrumb":{"@id":"https:\/\/www.domainebarichet.com\/en\/vin-lavaux\/rose-wine-blonay-lavaux-gamaret-les-rouvenaules\/#breadcrumb"},"inLanguage":"en-US","potentialAction":[{"@type":"ReadAction","target":["https:\/\/www.domainebarichet.com\/en\/vin-lavaux\/rose-wine-blonay-lavaux-gamaret-les-rouvenaules\/"]}]},{"@type":"ImageObject","inLanguage":"en-US","@id":"https:\/\/www.domainebarichet.com\/en\/vin-lavaux\/rose-wine-blonay-lavaux-gamaret-les-rouvenaules\/#primaryimage","url":"https:\/\/www.domainebarichet.com\/wp\/wp-content\/uploads\/2023\/10\/Barichet-11-75_altColor-2K.png","contentUrl":"https:\/\/www.domainebarichet.com\/wp\/wp-content\/uploads\/2023\/10\/Barichet-11-75_altColor-2K.png","width":514,"height":1440,"caption":"Ros\u00e9 wine Gamaret Lavaux Blonay"},{"@type":"BreadcrumbList","@id":"https:\/\/www.domainebarichet.com\/en\/vin-lavaux\/rose-wine-blonay-lavaux-gamaret-les-rouvenaules\/#breadcrumb","itemListElement":[{"@type":"ListItem","position":1,"name":"Accueil","item":"https:\/\/www.domainebarichet.com\/en\/home-page\/"},{"@type":"ListItem","position":2,"name":"Shop","item":"https:\/\/www.domainebarichet.com\/en\/shop\/"},{"@type":"ListItem","position":3,"name":"Ros\u00e9 Wine Gamaret Les Rouvenaules"}]},{"@type":"WebSite","@id":"https:\/\/www.domainebarichet.com\/en\/#website","url":"https:\/\/www.domainebarichet.com\/en\/","name":"Domaine Barichet","description":"De nos muses, le chai","publisher":{"@id":"https:\/\/www.domainebarichet.com\/en\/#organization"},"potentialAction":[{"@type":"SearchAction","target":{"@type":"EntryPoint","urlTemplate":"https:\/\/www.domainebarichet.com\/en\/?s={search_term_string}"},"query-input":"required name=search_term_string"}],"inLanguage":"en-US"},{"@type":"Organization","@id":"https:\/\/www.domainebarichet.com\/en\/#organization","name":"Domaine Barichet","url":"https:\/\/www.domainebarichet.com\/en\/","logo":{"@type":"ImageObject","inLanguage":"en-US","@id":"https:\/\/www.domainebarichet.com\/en\/#\/schema\/logo\/image\/","url":"https:\/\/www.domainebarichet.com\/wp\/wp-content\/uploads\/2024\/04\/Logo_DEF-Copie.png","contentUrl":"https:\/\/www.domainebarichet.com\/wp\/wp-content\/uploads\/2024\/04\/Logo_DEF-Copie.png","width":1008,"height":1008,"caption":"Domaine Barichet"},"image":{"@id":"https:\/\/www.domainebarichet.com\/en\/#\/schema\/logo\/image\/"}}]}},"_links":{"self":[{"href":"https:\/\/www.domainebarichet.com\/en\/wp-json\/wp\/v2\/product\/1311"}],"collection":[{"href":"https:\/\/www.domainebarichet.com\/en\/wp-json\/wp\/v2\/product"}],"about":[{"href":"https:\/\/www.domainebarichet.com\/en\/wp-json\/wp\/v2\/types\/product"}],"wp:featuredmedia":[{"embeddable":true,"href":"https:\/\/www.domainebarichet.com\/en\/wp-json\/wp\/v2\/media\/1103"}],"wp:attachment":[{"href":"https:\/\/www.domainebarichet.com\/en\/wp-json\/wp\/v2\/media?parent=1311"}],"wp:term":[{"taxonomy":"product_cat","embeddable":true,"href":"https:\/\/www.domainebarichet.com\/en\/wp-json\/wp\/v2\/product_cat?post=1311"},{"taxonomy":"product_tag","embeddable":true,"href":"https:\/\/www.domainebarichet.com\/en\/wp-json\/wp\/v2\/product_tag?post=1311"}],"curies":[{"name":"wp","href":"https:\/\/api.w.org\/{rel}","templated":true}]}}