{"id":1398,"date":"2023-08-23T15:40:43","date_gmt":"2023-08-23T13:40:43","guid":{"rendered":"https:\/\/www.domainebarichet.com\/produit\/cuvee-alcyone\/"},"modified":"2024-09-25T13:06:13","modified_gmt":"2024-09-25T11:06:13","slug":"weisswein-kerner-lavaux-blonay-cuvee-alcyone","status":"publish","type":"product","link":"https:\/\/www.domainebarichet.com\/de\/vin-lavaux\/weisswein-kerner-lavaux-blonay-cuvee-alcyone\/","title":{"rendered":"Wei\u00dfwein Kerner Cuv\u00e9e Alcyone"},"content":{"rendered":"<h4>VERKOSTUNG :<\/h4>\n<p>Der Wei\u00dfwein Kerner aus der Les Pl\u00e9iades-Linie ist eine bemerkenswerte Entdeckung und hebt eine in unseren Regionen wenig bekannte Rebsorte hervor. Dieser Wein zeichnet sich durch seine sch\u00f6ne Klarheit und seine feine Nase aus, die leicht w\u00fcrzige Noten und eine solide Struktur bietet. Am Gaumen entfaltet sich seine Kraft auf blumigen T\u00f6nen, die an die drei Sonnen von Lavaux erinnern. Dieser Wein verdient eine lange Reifezeit, um seine volle Komplexit\u00e4t und seinen Reichtum zu offenbaren.<\/p>\n<h4>PASSENDE SPEISEN :<\/h4>\n<p>Die Cuv\u00e9e Alcyone, hergestellt aus der Kerner-Rebsorte, erweist sich als die ideale Begleitung f\u00fcr <strong>den exquisiten Hecht in Kapernsauce<\/strong>. Die delikaten und aromatischen Noten dieses Weins erg\u00e4nzen perfekt die Reichhaltigkeit des Hechts und die Intensit\u00e4t der Kapernsauce, was ein harmonisches und unvergessliches Geschmackserlebnis schafft.<\/p>\n","protected":false},"excerpt":{"rendered":"<p>Eine der 7 Schwestern, die unsere Weinbereitung des Kerners inspiriert haben.<\/p>\n<p>Jahrgang 2023 zur Einweihung unserer zuk\u00fcnftigen Mythologie.<\/p>\n","protected":false},"featured_media":1092,"template":"","meta":{"content-type":"","inline_featured_image":false},"product_cat":[133,149],"product_tag":[],"yoast_head":"<!-- This site is optimized with the Yoast SEO plugin v22.3 - https:\/\/yoast.com\/wordpress\/plugins\/seo\/ -->\n<title>Wei\u00dfwein Kerner Cuv\u00e9e Alcyone - Domaine Barichet<\/title>\n<meta name=\"description\" content=\"Eine der sieben Schwestern, die unsere Vinifikation des Kerner inspirieren. Jahrgang 2023, um unsere zuk\u00fcnftige Mythologie der Domaine Barichet einzuweihen.\" \/>\n<meta name=\"robots\" content=\"index, follow, max-snippet:-1, max-image-preview:large, max-video-preview:-1\" \/>\n<link rel=\"canonical\" href=\"https:\/\/www.domainebarichet.com\/de\/vin-lavaux\/weisswein-kerner-lavaux-blonay-cuvee-alcyone\/\" \/>\n<meta property=\"og:locale\" content=\"de_DE\" \/>\n<meta property=\"og:type\" content=\"article\" \/>\n<meta property=\"og:title\" content=\"Wei\u00dfwein Kerner Cuv\u00e9e Alcyone - Domaine Barichet\" \/>\n<meta property=\"og:description\" content=\"Eine der sieben Schwestern, die unsere Vinifikation des Kerner inspirieren. Jahrgang 2023, um unsere zuk\u00fcnftige Mythologie der Domaine Barichet einzuweihen.\" \/>\n<meta property=\"og:url\" content=\"https:\/\/www.domainebarichet.com\/de\/vin-lavaux\/weisswein-kerner-lavaux-blonay-cuvee-alcyone\/\" \/>\n<meta property=\"og:site_name\" content=\"Domaine Barichet\" \/>\n<meta property=\"article:modified_time\" content=\"2024-09-25T11:06:13+00:00\" \/>\n<meta property=\"og:image\" content=\"https:\/\/www.domainebarichet.com\/wp\/wp-content\/uploads\/2023\/08\/Barichet-10-50.png\" \/>\n\t<meta property=\"og:image:width\" content=\"500\" \/>\n\t<meta property=\"og:image:height\" content=\"1402\" \/>\n\t<meta property=\"og:image:type\" content=\"image\/png\" \/>\n<meta name=\"twitter:card\" content=\"summary_large_image\" \/>\n<meta name=\"twitter:label1\" content=\"Est. reading time\" \/>\n\t<meta name=\"twitter:data1\" content=\"1 minute\" \/>\n<script type=\"application\/ld+json\" class=\"yoast-schema-graph\">{\"@context\":\"https:\/\/schema.org\",\"@graph\":[{\"@type\":\"WebPage\",\"@id\":\"https:\/\/www.domainebarichet.com\/de\/vin-lavaux\/weisswein-kerner-lavaux-blonay-cuvee-alcyone\/\",\"url\":\"https:\/\/www.domainebarichet.com\/de\/vin-lavaux\/weisswein-kerner-lavaux-blonay-cuvee-alcyone\/\",\"name\":\"Wei\u00dfwein Kerner Cuv\u00e9e Alcyone - Domaine Barichet\",\"isPartOf\":{\"@id\":\"https:\/\/www.domainebarichet.com\/de\/#website\"},\"primaryImageOfPage\":{\"@id\":\"https:\/\/www.domainebarichet.com\/de\/vin-lavaux\/weisswein-kerner-lavaux-blonay-cuvee-alcyone\/#primaryimage\"},\"image\":{\"@id\":\"https:\/\/www.domainebarichet.com\/de\/vin-lavaux\/weisswein-kerner-lavaux-blonay-cuvee-alcyone\/#primaryimage\"},\"thumbnailUrl\":\"https:\/\/www.domainebarichet.com\/wp\/wp-content\/uploads\/2023\/08\/Barichet-10-50.png\",\"datePublished\":\"2023-08-23T13:40:43+00:00\",\"dateModified\":\"2024-09-25T11:06:13+00:00\",\"description\":\"Eine der sieben Schwestern, die unsere Vinifikation des Kerner inspirieren. Jahrgang 2023, um unsere zuk\u00fcnftige Mythologie der Domaine Barichet einzuweihen.\",\"breadcrumb\":{\"@id\":\"https:\/\/www.domainebarichet.com\/de\/vin-lavaux\/weisswein-kerner-lavaux-blonay-cuvee-alcyone\/#breadcrumb\"},\"inLanguage\":\"de-DE\",\"potentialAction\":[{\"@type\":\"ReadAction\",\"target\":[\"https:\/\/www.domainebarichet.com\/de\/vin-lavaux\/weisswein-kerner-lavaux-blonay-cuvee-alcyone\/\"]}]},{\"@type\":\"ImageObject\",\"inLanguage\":\"de-DE\",\"@id\":\"https:\/\/www.domainebarichet.com\/de\/vin-lavaux\/weisswein-kerner-lavaux-blonay-cuvee-alcyone\/#primaryimage\",\"url\":\"https:\/\/www.domainebarichet.com\/wp\/wp-content\/uploads\/2023\/08\/Barichet-10-50.png\",\"contentUrl\":\"https:\/\/www.domainebarichet.com\/wp\/wp-content\/uploads\/2023\/08\/Barichet-10-50.png\",\"width\":500,\"height\":1402,\"caption\":\"Vin blanc Kerner Lavaux\"},{\"@type\":\"BreadcrumbList\",\"@id\":\"https:\/\/www.domainebarichet.com\/de\/vin-lavaux\/weisswein-kerner-lavaux-blonay-cuvee-alcyone\/#breadcrumb\",\"itemListElement\":[{\"@type\":\"ListItem\",\"position\":1,\"name\":\"Accueil\",\"item\":\"https:\/\/www.domainebarichet.com\/de\/startseite\/\"},{\"@type\":\"ListItem\",\"position\":2,\"name\":\"Shop\",\"item\":\"https:\/\/www.domainebarichet.com\/de\/shop\/\"},{\"@type\":\"ListItem\",\"position\":3,\"name\":\"Wei\u00dfwein Kerner Cuv\u00e9e Alcyone\"}]},{\"@type\":\"WebSite\",\"@id\":\"https:\/\/www.domainebarichet.com\/de\/#website\",\"url\":\"https:\/\/www.domainebarichet.com\/de\/\",\"name\":\"Domaine Barichet\",\"description\":\"De nos muses, le chai\",\"publisher\":{\"@id\":\"https:\/\/www.domainebarichet.com\/de\/#organization\"},\"potentialAction\":[{\"@type\":\"SearchAction\",\"target\":{\"@type\":\"EntryPoint\",\"urlTemplate\":\"https:\/\/www.domainebarichet.com\/de\/?s={search_term_string}\"},\"query-input\":\"required name=search_term_string\"}],\"inLanguage\":\"de-DE\"},{\"@type\":\"Organization\",\"@id\":\"https:\/\/www.domainebarichet.com\/de\/#organization\",\"name\":\"Domaine Barichet\",\"url\":\"https:\/\/www.domainebarichet.com\/de\/\",\"logo\":{\"@type\":\"ImageObject\",\"inLanguage\":\"de-DE\",\"@id\":\"https:\/\/www.domainebarichet.com\/de\/#\/schema\/logo\/image\/\",\"url\":\"https:\/\/www.domainebarichet.com\/wp\/wp-content\/uploads\/2024\/04\/Logo_DEF-Copie.png\",\"contentUrl\":\"https:\/\/www.domainebarichet.com\/wp\/wp-content\/uploads\/2024\/04\/Logo_DEF-Copie.png\",\"width\":1008,\"height\":1008,\"caption\":\"Domaine Barichet\"},\"image\":{\"@id\":\"https:\/\/www.domainebarichet.com\/de\/#\/schema\/logo\/image\/\"}}]}<\/script>\n<!-- \/ Yoast SEO plugin. -->","yoast_head_json":{"title":"Wei\u00dfwein Kerner Cuv\u00e9e Alcyone - Domaine Barichet","description":"Eine der sieben Schwestern, die unsere Vinifikation des Kerner inspirieren. Jahrgang 2023, um unsere zuk\u00fcnftige Mythologie der Domaine Barichet einzuweihen.","robots":{"index":"index","follow":"follow","max-snippet":"max-snippet:-1","max-image-preview":"max-image-preview:large","max-video-preview":"max-video-preview:-1"},"canonical":"https:\/\/www.domainebarichet.com\/de\/vin-lavaux\/weisswein-kerner-lavaux-blonay-cuvee-alcyone\/","og_locale":"de_DE","og_type":"article","og_title":"Wei\u00dfwein Kerner Cuv\u00e9e Alcyone - Domaine Barichet","og_description":"Eine der sieben Schwestern, die unsere Vinifikation des Kerner inspirieren. Jahrgang 2023, um unsere zuk\u00fcnftige Mythologie der Domaine Barichet einzuweihen.","og_url":"https:\/\/www.domainebarichet.com\/de\/vin-lavaux\/weisswein-kerner-lavaux-blonay-cuvee-alcyone\/","og_site_name":"Domaine Barichet","article_modified_time":"2024-09-25T11:06:13+00:00","og_image":[{"width":500,"height":1402,"url":"https:\/\/www.domainebarichet.com\/wp\/wp-content\/uploads\/2023\/08\/Barichet-10-50.png","type":"image\/png"}],"twitter_card":"summary_large_image","twitter_misc":{"Est. reading time":"1 minute"},"schema":{"@context":"https:\/\/schema.org","@graph":[{"@type":"WebPage","@id":"https:\/\/www.domainebarichet.com\/de\/vin-lavaux\/weisswein-kerner-lavaux-blonay-cuvee-alcyone\/","url":"https:\/\/www.domainebarichet.com\/de\/vin-lavaux\/weisswein-kerner-lavaux-blonay-cuvee-alcyone\/","name":"Wei\u00dfwein Kerner Cuv\u00e9e Alcyone - Domaine Barichet","isPartOf":{"@id":"https:\/\/www.domainebarichet.com\/de\/#website"},"primaryImageOfPage":{"@id":"https:\/\/www.domainebarichet.com\/de\/vin-lavaux\/weisswein-kerner-lavaux-blonay-cuvee-alcyone\/#primaryimage"},"image":{"@id":"https:\/\/www.domainebarichet.com\/de\/vin-lavaux\/weisswein-kerner-lavaux-blonay-cuvee-alcyone\/#primaryimage"},"thumbnailUrl":"https:\/\/www.domainebarichet.com\/wp\/wp-content\/uploads\/2023\/08\/Barichet-10-50.png","datePublished":"2023-08-23T13:40:43+00:00","dateModified":"2024-09-25T11:06:13+00:00","description":"Eine der sieben Schwestern, die unsere Vinifikation des Kerner inspirieren. Jahrgang 2023, um unsere zuk\u00fcnftige Mythologie der Domaine Barichet einzuweihen.","breadcrumb":{"@id":"https:\/\/www.domainebarichet.com\/de\/vin-lavaux\/weisswein-kerner-lavaux-blonay-cuvee-alcyone\/#breadcrumb"},"inLanguage":"de-DE","potentialAction":[{"@type":"ReadAction","target":["https:\/\/www.domainebarichet.com\/de\/vin-lavaux\/weisswein-kerner-lavaux-blonay-cuvee-alcyone\/"]}]},{"@type":"ImageObject","inLanguage":"de-DE","@id":"https:\/\/www.domainebarichet.com\/de\/vin-lavaux\/weisswein-kerner-lavaux-blonay-cuvee-alcyone\/#primaryimage","url":"https:\/\/www.domainebarichet.com\/wp\/wp-content\/uploads\/2023\/08\/Barichet-10-50.png","contentUrl":"https:\/\/www.domainebarichet.com\/wp\/wp-content\/uploads\/2023\/08\/Barichet-10-50.png","width":500,"height":1402,"caption":"Vin blanc Kerner Lavaux"},{"@type":"BreadcrumbList","@id":"https:\/\/www.domainebarichet.com\/de\/vin-lavaux\/weisswein-kerner-lavaux-blonay-cuvee-alcyone\/#breadcrumb","itemListElement":[{"@type":"ListItem","position":1,"name":"Accueil","item":"https:\/\/www.domainebarichet.com\/de\/startseite\/"},{"@type":"ListItem","position":2,"name":"Shop","item":"https:\/\/www.domainebarichet.com\/de\/shop\/"},{"@type":"ListItem","position":3,"name":"Wei\u00dfwein Kerner Cuv\u00e9e Alcyone"}]},{"@type":"WebSite","@id":"https:\/\/www.domainebarichet.com\/de\/#website","url":"https:\/\/www.domainebarichet.com\/de\/","name":"Domaine Barichet","description":"De nos muses, le chai","publisher":{"@id":"https:\/\/www.domainebarichet.com\/de\/#organization"},"potentialAction":[{"@type":"SearchAction","target":{"@type":"EntryPoint","urlTemplate":"https:\/\/www.domainebarichet.com\/de\/?s={search_term_string}"},"query-input":"required name=search_term_string"}],"inLanguage":"de-DE"},{"@type":"Organization","@id":"https:\/\/www.domainebarichet.com\/de\/#organization","name":"Domaine Barichet","url":"https:\/\/www.domainebarichet.com\/de\/","logo":{"@type":"ImageObject","inLanguage":"de-DE","@id":"https:\/\/www.domainebarichet.com\/de\/#\/schema\/logo\/image\/","url":"https:\/\/www.domainebarichet.com\/wp\/wp-content\/uploads\/2024\/04\/Logo_DEF-Copie.png","contentUrl":"https:\/\/www.domainebarichet.com\/wp\/wp-content\/uploads\/2024\/04\/Logo_DEF-Copie.png","width":1008,"height":1008,"caption":"Domaine Barichet"},"image":{"@id":"https:\/\/www.domainebarichet.com\/de\/#\/schema\/logo\/image\/"}}]}},"_links":{"self":[{"href":"https:\/\/www.domainebarichet.com\/de\/wp-json\/wp\/v2\/product\/1398"}],"collection":[{"href":"https:\/\/www.domainebarichet.com\/de\/wp-json\/wp\/v2\/product"}],"about":[{"href":"https:\/\/www.domainebarichet.com\/de\/wp-json\/wp\/v2\/types\/product"}],"wp:featuredmedia":[{"embeddable":true,"href":"https:\/\/www.domainebarichet.com\/de\/wp-json\/wp\/v2\/media\/1092"}],"wp:attachment":[{"href":"https:\/\/www.domainebarichet.com\/de\/wp-json\/wp\/v2\/media?parent=1398"}],"wp:term":[{"taxonomy":"product_cat","embeddable":true,"href":"https:\/\/www.domainebarichet.com\/de\/wp-json\/wp\/v2\/product_cat?post=1398"},{"taxonomy":"product_tag","embeddable":true,"href":"https:\/\/www.domainebarichet.com\/de\/wp-json\/wp\/v2\/product_tag?post=1398"}],"curies":[{"name":"wp","href":"https:\/\/api.w.org\/{rel}","templated":true}]}}