{"id":1395,"date":"2023-08-23T15:47:30","date_gmt":"2023-08-23T13:47:30","guid":{"rendered":"https:\/\/www.domainebarichet.com\/produit\/cuvee-merope\/"},"modified":"2024-09-25T13:04:03","modified_gmt":"2024-09-25T11:04:03","slug":"rotwein-divico-lavaux-cuvee-merope","status":"publish","type":"product","link":"https:\/\/www.domainebarichet.com\/de\/vin-lavaux\/rotwein-divico-lavaux-cuvee-merope\/","title":{"rendered":"Rotwein Divico Cuv\u00e9e M\u00e9rope"},"content":{"rendered":"<p>TASTING NOTES :<\/p>\n<p>The Divico from the Les Pl\u00e9iades range is a wine of great elegance, distinguished from the first glance by its superb deep color. On the nose, one is captivated by beautiful, soft aromas where ripe fruit notes harmoniously blend with well-integrated tannins. On the palate, this wine reveals a lovely concentration that makes it particularly flattering, offering a velvety texture and remarkable length. This promising new grape variety unveils its personality and potential, offering a rich and complex tasting experience. A must-discover for enthusiasts seeking new sensations and exceptional wines.<\/p>\n<p>FOOD PAIRING :<\/p>\n<p>The Cuv\u00e9e M\u00e9rope, with its distinctive Divico grape, pairs ideally with the culinary specialty, <strong>train de veau fa\u00e7on grand-m\u00e8re<\/strong>. This sublime combination creates a perfect balance between the wine&#8217;s subtle and refined aromas and the rich, comforting flavors of the dish, offering a memorable and refined tasting experience.<\/p>\n","protected":false},"excerpt":{"rendered":"<p>Eine weitere der sieben Schwestern der Plejaden, eine gl\u00fcckliche Verbindung unserer aufstrebenden Mythologie, geboren aus einer in der Schweiz entwickelten Rebsorte, dem Divico.<\/p>\n","protected":false},"featured_media":1080,"template":"","meta":{"content-type":"","inline_featured_image":false},"product_cat":[149,137],"product_tag":[],"yoast_head":"<!-- This site is optimized with the Yoast SEO plugin v22.3 - https:\/\/yoast.com\/wordpress\/plugins\/seo\/ -->\n<title>Rotwein Divico Cuv\u00e9e M\u00e9rope - Domaine Barichet<\/title>\n<meta name=\"description\" content=\"Eine gl\u00fcckliche Ehe unserer aufkeimenden Mythologie, die aus einer in der Schweiz entwickelten Rebsorte, dem Divico, hervorgegangen ist.\" \/>\n<meta name=\"robots\" content=\"index, follow, max-snippet:-1, max-image-preview:large, max-video-preview:-1\" \/>\n<link rel=\"canonical\" href=\"https:\/\/www.domainebarichet.com\/de\/vin-lavaux\/rotwein-divico-lavaux-cuvee-merope\/\" \/>\n<meta property=\"og:locale\" content=\"de_DE\" \/>\n<meta property=\"og:type\" content=\"article\" \/>\n<meta property=\"og:title\" content=\"Rotwein Divico Cuv\u00e9e M\u00e9rope - Domaine Barichet\" \/>\n<meta property=\"og:description\" content=\"Eine gl\u00fcckliche Ehe unserer aufkeimenden Mythologie, die aus einer in der Schweiz entwickelten Rebsorte, dem Divico, hervorgegangen ist.\" \/>\n<meta property=\"og:url\" content=\"https:\/\/www.domainebarichet.com\/de\/vin-lavaux\/rotwein-divico-lavaux-cuvee-merope\/\" \/>\n<meta property=\"og:site_name\" content=\"Domaine Barichet\" \/>\n<meta property=\"article:modified_time\" content=\"2024-09-25T11:04:03+00:00\" \/>\n<meta property=\"og:image\" content=\"https:\/\/www.domainebarichet.com\/wp\/wp-content\/uploads\/2024\/03\/Barichet-6-50.png\" \/>\n\t<meta property=\"og:image:width\" content=\"500\" \/>\n\t<meta property=\"og:image:height\" content=\"1402\" \/>\n\t<meta property=\"og:image:type\" content=\"image\/png\" \/>\n<meta name=\"twitter:card\" content=\"summary_large_image\" \/>\n<meta name=\"twitter:label1\" content=\"Est. reading time\" \/>\n\t<meta name=\"twitter:data1\" content=\"1 minute\" \/>\n<script type=\"application\/ld+json\" class=\"yoast-schema-graph\">{\"@context\":\"https:\/\/schema.org\",\"@graph\":[{\"@type\":\"WebPage\",\"@id\":\"https:\/\/www.domainebarichet.com\/de\/vin-lavaux\/rotwein-divico-lavaux-cuvee-merope\/\",\"url\":\"https:\/\/www.domainebarichet.com\/de\/vin-lavaux\/rotwein-divico-lavaux-cuvee-merope\/\",\"name\":\"Rotwein Divico Cuv\u00e9e M\u00e9rope - Domaine Barichet\",\"isPartOf\":{\"@id\":\"https:\/\/www.domainebarichet.com\/de\/#website\"},\"primaryImageOfPage\":{\"@id\":\"https:\/\/www.domainebarichet.com\/de\/vin-lavaux\/rotwein-divico-lavaux-cuvee-merope\/#primaryimage\"},\"image\":{\"@id\":\"https:\/\/www.domainebarichet.com\/de\/vin-lavaux\/rotwein-divico-lavaux-cuvee-merope\/#primaryimage\"},\"thumbnailUrl\":\"https:\/\/www.domainebarichet.com\/wp\/wp-content\/uploads\/2024\/03\/Barichet-6-50.png\",\"datePublished\":\"2023-08-23T13:47:30+00:00\",\"dateModified\":\"2024-09-25T11:04:03+00:00\",\"description\":\"Eine gl\u00fcckliche Ehe unserer aufkeimenden Mythologie, die aus einer in der Schweiz entwickelten Rebsorte, dem Divico, hervorgegangen ist.\",\"breadcrumb\":{\"@id\":\"https:\/\/www.domainebarichet.com\/de\/vin-lavaux\/rotwein-divico-lavaux-cuvee-merope\/#breadcrumb\"},\"inLanguage\":\"de-DE\",\"potentialAction\":[{\"@type\":\"ReadAction\",\"target\":[\"https:\/\/www.domainebarichet.com\/de\/vin-lavaux\/rotwein-divico-lavaux-cuvee-merope\/\"]}]},{\"@type\":\"ImageObject\",\"inLanguage\":\"de-DE\",\"@id\":\"https:\/\/www.domainebarichet.com\/de\/vin-lavaux\/rotwein-divico-lavaux-cuvee-merope\/#primaryimage\",\"url\":\"https:\/\/www.domainebarichet.com\/wp\/wp-content\/uploads\/2024\/03\/Barichet-6-50.png\",\"contentUrl\":\"https:\/\/www.domainebarichet.com\/wp\/wp-content\/uploads\/2024\/03\/Barichet-6-50.png\",\"width\":500,\"height\":1402,\"caption\":\"Lavaux Vin rouge Divico\"},{\"@type\":\"BreadcrumbList\",\"@id\":\"https:\/\/www.domainebarichet.com\/de\/vin-lavaux\/rotwein-divico-lavaux-cuvee-merope\/#breadcrumb\",\"itemListElement\":[{\"@type\":\"ListItem\",\"position\":1,\"name\":\"Accueil\",\"item\":\"https:\/\/www.domainebarichet.com\/de\/startseite\/\"},{\"@type\":\"ListItem\",\"position\":2,\"name\":\"Shop\",\"item\":\"https:\/\/www.domainebarichet.com\/de\/shop\/\"},{\"@type\":\"ListItem\",\"position\":3,\"name\":\"Rotwein Divico Cuv\u00e9e M\u00e9rope\"}]},{\"@type\":\"WebSite\",\"@id\":\"https:\/\/www.domainebarichet.com\/de\/#website\",\"url\":\"https:\/\/www.domainebarichet.com\/de\/\",\"name\":\"Domaine Barichet\",\"description\":\"De nos muses, le chai\",\"publisher\":{\"@id\":\"https:\/\/www.domainebarichet.com\/de\/#organization\"},\"potentialAction\":[{\"@type\":\"SearchAction\",\"target\":{\"@type\":\"EntryPoint\",\"urlTemplate\":\"https:\/\/www.domainebarichet.com\/de\/?s={search_term_string}\"},\"query-input\":\"required name=search_term_string\"}],\"inLanguage\":\"de-DE\"},{\"@type\":\"Organization\",\"@id\":\"https:\/\/www.domainebarichet.com\/de\/#organization\",\"name\":\"Domaine Barichet\",\"url\":\"https:\/\/www.domainebarichet.com\/de\/\",\"logo\":{\"@type\":\"ImageObject\",\"inLanguage\":\"de-DE\",\"@id\":\"https:\/\/www.domainebarichet.com\/de\/#\/schema\/logo\/image\/\",\"url\":\"https:\/\/www.domainebarichet.com\/wp\/wp-content\/uploads\/2024\/04\/Logo_DEF-Copie.png\",\"contentUrl\":\"https:\/\/www.domainebarichet.com\/wp\/wp-content\/uploads\/2024\/04\/Logo_DEF-Copie.png\",\"width\":1008,\"height\":1008,\"caption\":\"Domaine Barichet\"},\"image\":{\"@id\":\"https:\/\/www.domainebarichet.com\/de\/#\/schema\/logo\/image\/\"}}]}<\/script>\n<!-- \/ Yoast SEO plugin. -->","yoast_head_json":{"title":"Rotwein Divico Cuv\u00e9e M\u00e9rope - Domaine Barichet","description":"Eine gl\u00fcckliche Ehe unserer aufkeimenden Mythologie, die aus einer in der Schweiz entwickelten Rebsorte, dem Divico, hervorgegangen ist.","robots":{"index":"index","follow":"follow","max-snippet":"max-snippet:-1","max-image-preview":"max-image-preview:large","max-video-preview":"max-video-preview:-1"},"canonical":"https:\/\/www.domainebarichet.com\/de\/vin-lavaux\/rotwein-divico-lavaux-cuvee-merope\/","og_locale":"de_DE","og_type":"article","og_title":"Rotwein Divico Cuv\u00e9e M\u00e9rope - Domaine Barichet","og_description":"Eine gl\u00fcckliche Ehe unserer aufkeimenden Mythologie, die aus einer in der Schweiz entwickelten Rebsorte, dem Divico, hervorgegangen ist.","og_url":"https:\/\/www.domainebarichet.com\/de\/vin-lavaux\/rotwein-divico-lavaux-cuvee-merope\/","og_site_name":"Domaine Barichet","article_modified_time":"2024-09-25T11:04:03+00:00","og_image":[{"width":500,"height":1402,"url":"https:\/\/www.domainebarichet.com\/wp\/wp-content\/uploads\/2024\/03\/Barichet-6-50.png","type":"image\/png"}],"twitter_card":"summary_large_image","twitter_misc":{"Est. reading time":"1 minute"},"schema":{"@context":"https:\/\/schema.org","@graph":[{"@type":"WebPage","@id":"https:\/\/www.domainebarichet.com\/de\/vin-lavaux\/rotwein-divico-lavaux-cuvee-merope\/","url":"https:\/\/www.domainebarichet.com\/de\/vin-lavaux\/rotwein-divico-lavaux-cuvee-merope\/","name":"Rotwein Divico Cuv\u00e9e M\u00e9rope - Domaine Barichet","isPartOf":{"@id":"https:\/\/www.domainebarichet.com\/de\/#website"},"primaryImageOfPage":{"@id":"https:\/\/www.domainebarichet.com\/de\/vin-lavaux\/rotwein-divico-lavaux-cuvee-merope\/#primaryimage"},"image":{"@id":"https:\/\/www.domainebarichet.com\/de\/vin-lavaux\/rotwein-divico-lavaux-cuvee-merope\/#primaryimage"},"thumbnailUrl":"https:\/\/www.domainebarichet.com\/wp\/wp-content\/uploads\/2024\/03\/Barichet-6-50.png","datePublished":"2023-08-23T13:47:30+00:00","dateModified":"2024-09-25T11:04:03+00:00","description":"Eine gl\u00fcckliche Ehe unserer aufkeimenden Mythologie, die aus einer in der Schweiz entwickelten Rebsorte, dem Divico, hervorgegangen ist.","breadcrumb":{"@id":"https:\/\/www.domainebarichet.com\/de\/vin-lavaux\/rotwein-divico-lavaux-cuvee-merope\/#breadcrumb"},"inLanguage":"de-DE","potentialAction":[{"@type":"ReadAction","target":["https:\/\/www.domainebarichet.com\/de\/vin-lavaux\/rotwein-divico-lavaux-cuvee-merope\/"]}]},{"@type":"ImageObject","inLanguage":"de-DE","@id":"https:\/\/www.domainebarichet.com\/de\/vin-lavaux\/rotwein-divico-lavaux-cuvee-merope\/#primaryimage","url":"https:\/\/www.domainebarichet.com\/wp\/wp-content\/uploads\/2024\/03\/Barichet-6-50.png","contentUrl":"https:\/\/www.domainebarichet.com\/wp\/wp-content\/uploads\/2024\/03\/Barichet-6-50.png","width":500,"height":1402,"caption":"Lavaux Vin rouge Divico"},{"@type":"BreadcrumbList","@id":"https:\/\/www.domainebarichet.com\/de\/vin-lavaux\/rotwein-divico-lavaux-cuvee-merope\/#breadcrumb","itemListElement":[{"@type":"ListItem","position":1,"name":"Accueil","item":"https:\/\/www.domainebarichet.com\/de\/startseite\/"},{"@type":"ListItem","position":2,"name":"Shop","item":"https:\/\/www.domainebarichet.com\/de\/shop\/"},{"@type":"ListItem","position":3,"name":"Rotwein Divico Cuv\u00e9e M\u00e9rope"}]},{"@type":"WebSite","@id":"https:\/\/www.domainebarichet.com\/de\/#website","url":"https:\/\/www.domainebarichet.com\/de\/","name":"Domaine Barichet","description":"De nos muses, le chai","publisher":{"@id":"https:\/\/www.domainebarichet.com\/de\/#organization"},"potentialAction":[{"@type":"SearchAction","target":{"@type":"EntryPoint","urlTemplate":"https:\/\/www.domainebarichet.com\/de\/?s={search_term_string}"},"query-input":"required name=search_term_string"}],"inLanguage":"de-DE"},{"@type":"Organization","@id":"https:\/\/www.domainebarichet.com\/de\/#organization","name":"Domaine Barichet","url":"https:\/\/www.domainebarichet.com\/de\/","logo":{"@type":"ImageObject","inLanguage":"de-DE","@id":"https:\/\/www.domainebarichet.com\/de\/#\/schema\/logo\/image\/","url":"https:\/\/www.domainebarichet.com\/wp\/wp-content\/uploads\/2024\/04\/Logo_DEF-Copie.png","contentUrl":"https:\/\/www.domainebarichet.com\/wp\/wp-content\/uploads\/2024\/04\/Logo_DEF-Copie.png","width":1008,"height":1008,"caption":"Domaine Barichet"},"image":{"@id":"https:\/\/www.domainebarichet.com\/de\/#\/schema\/logo\/image\/"}}]}},"_links":{"self":[{"href":"https:\/\/www.domainebarichet.com\/de\/wp-json\/wp\/v2\/product\/1395"}],"collection":[{"href":"https:\/\/www.domainebarichet.com\/de\/wp-json\/wp\/v2\/product"}],"about":[{"href":"https:\/\/www.domainebarichet.com\/de\/wp-json\/wp\/v2\/types\/product"}],"wp:featuredmedia":[{"embeddable":true,"href":"https:\/\/www.domainebarichet.com\/de\/wp-json\/wp\/v2\/media\/1080"}],"wp:attachment":[{"href":"https:\/\/www.domainebarichet.com\/de\/wp-json\/wp\/v2\/media?parent=1395"}],"wp:term":[{"taxonomy":"product_cat","embeddable":true,"href":"https:\/\/www.domainebarichet.com\/de\/wp-json\/wp\/v2\/product_cat?post=1395"},{"taxonomy":"product_tag","embeddable":true,"href":"https:\/\/www.domainebarichet.com\/de\/wp-json\/wp\/v2\/product_tag?post=1395"}],"curies":[{"name":"wp","href":"https:\/\/api.w.org\/{rel}","templated":true}]}}