{"id":1385,"date":"2023-10-02T11:47:57","date_gmt":"2023-10-02T09:47:57","guid":{"rendered":"https:\/\/www.domainebarichet.com\/produit\/chasselas-de-la-cuvee-du-proprietaire\/"},"modified":"2024-09-25T12:56:45","modified_gmt":"2024-09-25T10:56:45","slug":"weisswein-lavaux-chasselas-cuvee-du-proprietaire","status":"publish","type":"product","link":"https:\/\/www.domainebarichet.com\/de\/vin-lavaux\/weisswein-lavaux-chasselas-cuvee-du-proprietaire\/","title":{"rendered":"Wei\u00dfwein Chasselas aus der Cuv\u00e9e du Propri\u00e9taire"},"content":{"rendered":"<h4>VERKOSTUNG :<\/h4>\n<p>Unser Chasselas Wei\u00dfwein aus der Cuv\u00e9e du Propri\u00e9taire ist eine besonders vom Winzer vinifizierte Ausdrucksform. Dieser Wein betont die sch\u00f6ne Mineralit\u00e4t des Chasselas in Lavaux, verbunden mit der Reichhaltigkeit eines langen Abgangs im Mund. Sein k\u00f6stlicher Charakter macht ihn zu einem idealen Begleiter f\u00fcr die gehobene Gastronomie. Um seine volle Komplexit\u00e4t zu entdecken, empfiehlt es sich, ihn einige Jahre reifen zu lassen. Eine vielversprechende Entdeckung ab Herbst 2024.<\/p>\n<h4>PASSENDE SPEISEN :<\/h4>\n<p>Der Chasselas de la Cuve, mit seinem subtilen und ausgewogenen Bouquet, ist die ideale Wahl, um <strong>das kulinarische Erlebnis von zarten Safran-Miesmuscheln zu bereichern<\/strong>. Dieser Wein, mit seinem subtilen und ausgewogenen Bouquet, erg\u00e4nzt perfekt die Milde der Muscheln und das delikate Aroma des Safrans und schafft so eine raffinierte und faszinierende Verbindung der Aromen.<\/p>\n","protected":false},"excerpt":{"rendered":"<p>Der Eigent\u00fcmer und seine \u00d6nologieberater w\u00e4hlen das beste Fass aus, um Ihnen diesen gastronomischen Chasselas anzubieten, der in einem Demi-Pot vaudois und mit einem Siebdruck-Etikett pr\u00e4sentiert wird. Ein sch\u00f6nes Geschenk f\u00fcr Ihre Freunde.<\/p>\n","protected":false},"featured_media":2152,"template":"","meta":{"content-type":"","inline_featured_image":false},"product_cat":[133,143],"product_tag":[],"yoast_head":"<!-- This site is optimized with the Yoast SEO plugin v22.3 - https:\/\/yoast.com\/wordpress\/plugins\/seo\/ -->\n<title>Wei\u00dfwein Chasselas aus der Cuv\u00e9e du Propri\u00e9taire - Domaine Barichet<\/title>\n<meta name=\"description\" content=\"Der Besitzer und seine \u00f6nologischen Berater w\u00e4hlen den besten Tank, um Ihnen diesen gastronomischen Chasselas anzubieten, produziert in Lavaux Blonay.\" \/>\n<meta name=\"robots\" content=\"index, follow, max-snippet:-1, max-image-preview:large, max-video-preview:-1\" \/>\n<link rel=\"canonical\" href=\"https:\/\/www.domainebarichet.com\/de\/vin-lavaux\/weisswein-lavaux-chasselas-cuvee-du-proprietaire\/\" \/>\n<meta property=\"og:locale\" content=\"de_DE\" \/>\n<meta property=\"og:type\" content=\"article\" \/>\n<meta property=\"og:title\" content=\"Wei\u00dfwein Chasselas aus der Cuv\u00e9e du Propri\u00e9taire - Domaine Barichet\" \/>\n<meta property=\"og:description\" content=\"Der Besitzer und seine \u00f6nologischen Berater w\u00e4hlen den besten Tank, um Ihnen diesen gastronomischen Chasselas anzubieten, produziert in Lavaux Blonay.\" \/>\n<meta property=\"og:url\" content=\"https:\/\/www.domainebarichet.com\/de\/vin-lavaux\/weisswein-lavaux-chasselas-cuvee-du-proprietaire\/\" \/>\n<meta property=\"og:site_name\" content=\"Domaine Barichet\" \/>\n<meta property=\"article:modified_time\" content=\"2024-09-25T10:56:45+00:00\" \/>\n<meta property=\"og:image\" content=\"https:\/\/www.domainebarichet.com\/wp\/wp-content\/uploads\/2023\/10\/Barichet_Chasselas_Cuvee-du-Propietaire_dore.png\" \/>\n\t<meta property=\"og:image:width\" content=\"960\" \/>\n\t<meta property=\"og:image:height\" content=\"1920\" \/>\n\t<meta property=\"og:image:type\" content=\"image\/png\" \/>\n<meta name=\"twitter:card\" content=\"summary_large_image\" \/>\n<meta name=\"twitter:label1\" content=\"Est. reading time\" \/>\n\t<meta name=\"twitter:data1\" content=\"1 minute\" \/>\n<script type=\"application\/ld+json\" class=\"yoast-schema-graph\">{\"@context\":\"https:\/\/schema.org\",\"@graph\":[{\"@type\":\"WebPage\",\"@id\":\"https:\/\/www.domainebarichet.com\/de\/vin-lavaux\/weisswein-lavaux-chasselas-cuvee-du-proprietaire\/\",\"url\":\"https:\/\/www.domainebarichet.com\/de\/vin-lavaux\/weisswein-lavaux-chasselas-cuvee-du-proprietaire\/\",\"name\":\"Wei\u00dfwein Chasselas aus der Cuv\u00e9e du Propri\u00e9taire - Domaine Barichet\",\"isPartOf\":{\"@id\":\"https:\/\/www.domainebarichet.com\/de\/#website\"},\"primaryImageOfPage\":{\"@id\":\"https:\/\/www.domainebarichet.com\/de\/vin-lavaux\/weisswein-lavaux-chasselas-cuvee-du-proprietaire\/#primaryimage\"},\"image\":{\"@id\":\"https:\/\/www.domainebarichet.com\/de\/vin-lavaux\/weisswein-lavaux-chasselas-cuvee-du-proprietaire\/#primaryimage\"},\"thumbnailUrl\":\"https:\/\/www.domainebarichet.com\/wp\/wp-content\/uploads\/2023\/10\/Barichet_Chasselas_Cuvee-du-Propietaire_dore.png\",\"datePublished\":\"2023-10-02T09:47:57+00:00\",\"dateModified\":\"2024-09-25T10:56:45+00:00\",\"description\":\"Der Besitzer und seine \u00f6nologischen Berater w\u00e4hlen den besten Tank, um Ihnen diesen gastronomischen Chasselas anzubieten, produziert in Lavaux Blonay.\",\"breadcrumb\":{\"@id\":\"https:\/\/www.domainebarichet.com\/de\/vin-lavaux\/weisswein-lavaux-chasselas-cuvee-du-proprietaire\/#breadcrumb\"},\"inLanguage\":\"de-DE\",\"potentialAction\":[{\"@type\":\"ReadAction\",\"target\":[\"https:\/\/www.domainebarichet.com\/de\/vin-lavaux\/weisswein-lavaux-chasselas-cuvee-du-proprietaire\/\"]}]},{\"@type\":\"ImageObject\",\"inLanguage\":\"de-DE\",\"@id\":\"https:\/\/www.domainebarichet.com\/de\/vin-lavaux\/weisswein-lavaux-chasselas-cuvee-du-proprietaire\/#primaryimage\",\"url\":\"https:\/\/www.domainebarichet.com\/wp\/wp-content\/uploads\/2023\/10\/Barichet_Chasselas_Cuvee-du-Propietaire_dore.png\",\"contentUrl\":\"https:\/\/www.domainebarichet.com\/wp\/wp-content\/uploads\/2023\/10\/Barichet_Chasselas_Cuvee-du-Propietaire_dore.png\",\"width\":960,\"height\":1920},{\"@type\":\"BreadcrumbList\",\"@id\":\"https:\/\/www.domainebarichet.com\/de\/vin-lavaux\/weisswein-lavaux-chasselas-cuvee-du-proprietaire\/#breadcrumb\",\"itemListElement\":[{\"@type\":\"ListItem\",\"position\":1,\"name\":\"Accueil\",\"item\":\"https:\/\/www.domainebarichet.com\/de\/startseite\/\"},{\"@type\":\"ListItem\",\"position\":2,\"name\":\"Shop\",\"item\":\"https:\/\/www.domainebarichet.com\/de\/shop\/\"},{\"@type\":\"ListItem\",\"position\":3,\"name\":\"Wei\u00dfwein Chasselas aus der Cuv\u00e9e du Propri\u00e9taire\"}]},{\"@type\":\"WebSite\",\"@id\":\"https:\/\/www.domainebarichet.com\/de\/#website\",\"url\":\"https:\/\/www.domainebarichet.com\/de\/\",\"name\":\"Domaine Barichet\",\"description\":\"De nos muses, le chai\",\"publisher\":{\"@id\":\"https:\/\/www.domainebarichet.com\/de\/#organization\"},\"potentialAction\":[{\"@type\":\"SearchAction\",\"target\":{\"@type\":\"EntryPoint\",\"urlTemplate\":\"https:\/\/www.domainebarichet.com\/de\/?s={search_term_string}\"},\"query-input\":\"required name=search_term_string\"}],\"inLanguage\":\"de-DE\"},{\"@type\":\"Organization\",\"@id\":\"https:\/\/www.domainebarichet.com\/de\/#organization\",\"name\":\"Domaine Barichet\",\"url\":\"https:\/\/www.domainebarichet.com\/de\/\",\"logo\":{\"@type\":\"ImageObject\",\"inLanguage\":\"de-DE\",\"@id\":\"https:\/\/www.domainebarichet.com\/de\/#\/schema\/logo\/image\/\",\"url\":\"https:\/\/www.domainebarichet.com\/wp\/wp-content\/uploads\/2024\/04\/Logo_DEF-Copie.png\",\"contentUrl\":\"https:\/\/www.domainebarichet.com\/wp\/wp-content\/uploads\/2024\/04\/Logo_DEF-Copie.png\",\"width\":1008,\"height\":1008,\"caption\":\"Domaine Barichet\"},\"image\":{\"@id\":\"https:\/\/www.domainebarichet.com\/de\/#\/schema\/logo\/image\/\"}}]}<\/script>\n<!-- \/ Yoast SEO plugin. -->","yoast_head_json":{"title":"Wei\u00dfwein Chasselas aus der Cuv\u00e9e du Propri\u00e9taire - Domaine Barichet","description":"Der Besitzer und seine \u00f6nologischen Berater w\u00e4hlen den besten Tank, um Ihnen diesen gastronomischen Chasselas anzubieten, produziert in Lavaux Blonay.","robots":{"index":"index","follow":"follow","max-snippet":"max-snippet:-1","max-image-preview":"max-image-preview:large","max-video-preview":"max-video-preview:-1"},"canonical":"https:\/\/www.domainebarichet.com\/de\/vin-lavaux\/weisswein-lavaux-chasselas-cuvee-du-proprietaire\/","og_locale":"de_DE","og_type":"article","og_title":"Wei\u00dfwein Chasselas aus der Cuv\u00e9e du Propri\u00e9taire - Domaine Barichet","og_description":"Der Besitzer und seine \u00f6nologischen Berater w\u00e4hlen den besten Tank, um Ihnen diesen gastronomischen Chasselas anzubieten, produziert in Lavaux Blonay.","og_url":"https:\/\/www.domainebarichet.com\/de\/vin-lavaux\/weisswein-lavaux-chasselas-cuvee-du-proprietaire\/","og_site_name":"Domaine Barichet","article_modified_time":"2024-09-25T10:56:45+00:00","og_image":[{"width":960,"height":1920,"url":"https:\/\/www.domainebarichet.com\/wp\/wp-content\/uploads\/2023\/10\/Barichet_Chasselas_Cuvee-du-Propietaire_dore.png","type":"image\/png"}],"twitter_card":"summary_large_image","twitter_misc":{"Est. reading time":"1 minute"},"schema":{"@context":"https:\/\/schema.org","@graph":[{"@type":"WebPage","@id":"https:\/\/www.domainebarichet.com\/de\/vin-lavaux\/weisswein-lavaux-chasselas-cuvee-du-proprietaire\/","url":"https:\/\/www.domainebarichet.com\/de\/vin-lavaux\/weisswein-lavaux-chasselas-cuvee-du-proprietaire\/","name":"Wei\u00dfwein Chasselas aus der Cuv\u00e9e du Propri\u00e9taire - Domaine Barichet","isPartOf":{"@id":"https:\/\/www.domainebarichet.com\/de\/#website"},"primaryImageOfPage":{"@id":"https:\/\/www.domainebarichet.com\/de\/vin-lavaux\/weisswein-lavaux-chasselas-cuvee-du-proprietaire\/#primaryimage"},"image":{"@id":"https:\/\/www.domainebarichet.com\/de\/vin-lavaux\/weisswein-lavaux-chasselas-cuvee-du-proprietaire\/#primaryimage"},"thumbnailUrl":"https:\/\/www.domainebarichet.com\/wp\/wp-content\/uploads\/2023\/10\/Barichet_Chasselas_Cuvee-du-Propietaire_dore.png","datePublished":"2023-10-02T09:47:57+00:00","dateModified":"2024-09-25T10:56:45+00:00","description":"Der Besitzer und seine \u00f6nologischen Berater w\u00e4hlen den besten Tank, um Ihnen diesen gastronomischen Chasselas anzubieten, produziert in Lavaux Blonay.","breadcrumb":{"@id":"https:\/\/www.domainebarichet.com\/de\/vin-lavaux\/weisswein-lavaux-chasselas-cuvee-du-proprietaire\/#breadcrumb"},"inLanguage":"de-DE","potentialAction":[{"@type":"ReadAction","target":["https:\/\/www.domainebarichet.com\/de\/vin-lavaux\/weisswein-lavaux-chasselas-cuvee-du-proprietaire\/"]}]},{"@type":"ImageObject","inLanguage":"de-DE","@id":"https:\/\/www.domainebarichet.com\/de\/vin-lavaux\/weisswein-lavaux-chasselas-cuvee-du-proprietaire\/#primaryimage","url":"https:\/\/www.domainebarichet.com\/wp\/wp-content\/uploads\/2023\/10\/Barichet_Chasselas_Cuvee-du-Propietaire_dore.png","contentUrl":"https:\/\/www.domainebarichet.com\/wp\/wp-content\/uploads\/2023\/10\/Barichet_Chasselas_Cuvee-du-Propietaire_dore.png","width":960,"height":1920},{"@type":"BreadcrumbList","@id":"https:\/\/www.domainebarichet.com\/de\/vin-lavaux\/weisswein-lavaux-chasselas-cuvee-du-proprietaire\/#breadcrumb","itemListElement":[{"@type":"ListItem","position":1,"name":"Accueil","item":"https:\/\/www.domainebarichet.com\/de\/startseite\/"},{"@type":"ListItem","position":2,"name":"Shop","item":"https:\/\/www.domainebarichet.com\/de\/shop\/"},{"@type":"ListItem","position":3,"name":"Wei\u00dfwein Chasselas aus der Cuv\u00e9e du Propri\u00e9taire"}]},{"@type":"WebSite","@id":"https:\/\/www.domainebarichet.com\/de\/#website","url":"https:\/\/www.domainebarichet.com\/de\/","name":"Domaine Barichet","description":"De nos muses, le chai","publisher":{"@id":"https:\/\/www.domainebarichet.com\/de\/#organization"},"potentialAction":[{"@type":"SearchAction","target":{"@type":"EntryPoint","urlTemplate":"https:\/\/www.domainebarichet.com\/de\/?s={search_term_string}"},"query-input":"required name=search_term_string"}],"inLanguage":"de-DE"},{"@type":"Organization","@id":"https:\/\/www.domainebarichet.com\/de\/#organization","name":"Domaine Barichet","url":"https:\/\/www.domainebarichet.com\/de\/","logo":{"@type":"ImageObject","inLanguage":"de-DE","@id":"https:\/\/www.domainebarichet.com\/de\/#\/schema\/logo\/image\/","url":"https:\/\/www.domainebarichet.com\/wp\/wp-content\/uploads\/2024\/04\/Logo_DEF-Copie.png","contentUrl":"https:\/\/www.domainebarichet.com\/wp\/wp-content\/uploads\/2024\/04\/Logo_DEF-Copie.png","width":1008,"height":1008,"caption":"Domaine Barichet"},"image":{"@id":"https:\/\/www.domainebarichet.com\/de\/#\/schema\/logo\/image\/"}}]}},"_links":{"self":[{"href":"https:\/\/www.domainebarichet.com\/de\/wp-json\/wp\/v2\/product\/1385"}],"collection":[{"href":"https:\/\/www.domainebarichet.com\/de\/wp-json\/wp\/v2\/product"}],"about":[{"href":"https:\/\/www.domainebarichet.com\/de\/wp-json\/wp\/v2\/types\/product"}],"wp:featuredmedia":[{"embeddable":true,"href":"https:\/\/www.domainebarichet.com\/de\/wp-json\/wp\/v2\/media\/2152"}],"wp:attachment":[{"href":"https:\/\/www.domainebarichet.com\/de\/wp-json\/wp\/v2\/media?parent=1385"}],"wp:term":[{"taxonomy":"product_cat","embeddable":true,"href":"https:\/\/www.domainebarichet.com\/de\/wp-json\/wp\/v2\/product_cat?post=1385"},{"taxonomy":"product_tag","embeddable":true,"href":"https:\/\/www.domainebarichet.com\/de\/wp-json\/wp\/v2\/product_tag?post=1385"}],"curies":[{"name":"wp","href":"https:\/\/api.w.org\/{rel}","templated":true}]}}