{"id":1378,"date":"2023-10-02T11:56:29","date_gmt":"2023-10-02T09:56:29","guid":{"rendered":"https:\/\/www.domainebarichet.com\/produit\/st-hubert\/"},"modified":"2024-09-25T12:53:40","modified_gmt":"2024-09-25T10:53:40","slug":"rotwine-pinot-noir-lavaux-blonay-saint-hubert","status":"publish","type":"product","link":"https:\/\/www.domainebarichet.com\/de\/vin-lavaux\/rotwine-pinot-noir-lavaux-blonay-saint-hubert\/","title":{"rendered":"Rotwine Pinot Noir Saint-Hubert"},"content":{"rendered":"<h4>VERKOSTUNG :<\/h4>\n<p>Der Pinot Noir aus unserer Tradition-Linie enth\u00fcllt eine zarte und elegante Nase, die subtile Fruchtaromen hervorhebt. Seine sch\u00f6nen Tannine und seine hervorragende Struktur im Mund machen ihn zu einem Wein, der es verdient, mit Geduld genossen zu werden. Mit der Zeit entwickelt er seine volle Komplexit\u00e4t und Finesse und bietet ein au\u00dfergew\u00f6hnliches Geschmackserlebnis.<\/p>\n<h4>PASSENDE SPEISEN :<\/h4>\n<p>Das Domaine Barichet l\u00e4dt Sie ein, Ihr gastronomisches Erlebnis zu bereichern, indem Sie unseren Wein &#8220;St-Hubert&#8221; harmonisch mit einem geschmorten <strong>Wildschweinbraten mit Pinot kombinieren<\/strong>. Diese k\u00f6stliche Allianz der Aromen wird Ihre Geschmacksknospen wecken.<\/p>\n","protected":false},"excerpt":{"rendered":"<p>In der gro\u00dfen Tradition der Burgunderweine bringt Ihnen der Pinot Noir die gesamte Finesse der Prestigeweine n\u00e4her.<\/p>\n","protected":false},"featured_media":1074,"template":"","meta":{"content-type":"","inline_featured_image":false},"product_cat":[137,124],"product_tag":[],"yoast_head":"<!-- This site is optimized with the Yoast SEO plugin v22.3 - https:\/\/yoast.com\/wordpress\/plugins\/seo\/ -->\n<title>Rotwine Pinot Noir Saint-Hubert - Domaine Barichet<\/title>\n<meta name=\"description\" content=\"Der Garanoir, diese in der Schweiz entwickelte Rebsorte, bringt Ihnen eine Weinprobe, die vom Terroir des Lavaux gepr\u00e4gt ist. Rotwein produziert in Lavaux\" \/>\n<meta name=\"robots\" content=\"index, follow, max-snippet:-1, max-image-preview:large, max-video-preview:-1\" \/>\n<link rel=\"canonical\" href=\"https:\/\/www.domainebarichet.com\/de\/vin-lavaux\/rotwine-pinot-noir-lavaux-blonay-saint-hubert\/\" \/>\n<meta property=\"og:locale\" content=\"de_DE\" \/>\n<meta property=\"og:type\" content=\"article\" \/>\n<meta property=\"og:title\" content=\"Rotwine Pinot Noir Saint-Hubert - Domaine Barichet\" \/>\n<meta property=\"og:description\" content=\"Der Garanoir, diese in der Schweiz entwickelte Rebsorte, bringt Ihnen eine Weinprobe, die vom Terroir des Lavaux gepr\u00e4gt ist. Rotwein produziert in Lavaux\" \/>\n<meta property=\"og:url\" content=\"https:\/\/www.domainebarichet.com\/de\/vin-lavaux\/rotwine-pinot-noir-lavaux-blonay-saint-hubert\/\" \/>\n<meta property=\"og:site_name\" content=\"Domaine Barichet\" \/>\n<meta property=\"article:modified_time\" content=\"2024-09-25T10:53:40+00:00\" \/>\n<meta property=\"og:image\" content=\"https:\/\/www.domainebarichet.com\/wp\/wp-content\/uploads\/2024\/03\/Barichet-3-75.png\" \/>\n\t<meta property=\"og:image:width\" content=\"500\" \/>\n\t<meta property=\"og:image:height\" content=\"1402\" \/>\n\t<meta property=\"og:image:type\" content=\"image\/png\" \/>\n<meta name=\"twitter:card\" content=\"summary_large_image\" \/>\n<meta name=\"twitter:label1\" content=\"Est. reading time\" \/>\n\t<meta name=\"twitter:data1\" content=\"1 minute\" \/>\n<script type=\"application\/ld+json\" class=\"yoast-schema-graph\">{\"@context\":\"https:\/\/schema.org\",\"@graph\":[{\"@type\":\"WebPage\",\"@id\":\"https:\/\/www.domainebarichet.com\/de\/vin-lavaux\/rotwine-pinot-noir-lavaux-blonay-saint-hubert\/\",\"url\":\"https:\/\/www.domainebarichet.com\/de\/vin-lavaux\/rotwine-pinot-noir-lavaux-blonay-saint-hubert\/\",\"name\":\"Rotwine Pinot Noir Saint-Hubert - Domaine Barichet\",\"isPartOf\":{\"@id\":\"https:\/\/www.domainebarichet.com\/de\/#website\"},\"primaryImageOfPage\":{\"@id\":\"https:\/\/www.domainebarichet.com\/de\/vin-lavaux\/rotwine-pinot-noir-lavaux-blonay-saint-hubert\/#primaryimage\"},\"image\":{\"@id\":\"https:\/\/www.domainebarichet.com\/de\/vin-lavaux\/rotwine-pinot-noir-lavaux-blonay-saint-hubert\/#primaryimage\"},\"thumbnailUrl\":\"https:\/\/www.domainebarichet.com\/wp\/wp-content\/uploads\/2024\/03\/Barichet-3-75.png\",\"datePublished\":\"2023-10-02T09:56:29+00:00\",\"dateModified\":\"2024-09-25T10:53:40+00:00\",\"description\":\"Der Garanoir, diese in der Schweiz entwickelte Rebsorte, bringt Ihnen eine Weinprobe, die vom Terroir des Lavaux gepr\u00e4gt ist. Rotwein produziert in Lavaux\",\"breadcrumb\":{\"@id\":\"https:\/\/www.domainebarichet.com\/de\/vin-lavaux\/rotwine-pinot-noir-lavaux-blonay-saint-hubert\/#breadcrumb\"},\"inLanguage\":\"de-DE\",\"potentialAction\":[{\"@type\":\"ReadAction\",\"target\":[\"https:\/\/www.domainebarichet.com\/de\/vin-lavaux\/rotwine-pinot-noir-lavaux-blonay-saint-hubert\/\"]}]},{\"@type\":\"ImageObject\",\"inLanguage\":\"de-DE\",\"@id\":\"https:\/\/www.domainebarichet.com\/de\/vin-lavaux\/rotwine-pinot-noir-lavaux-blonay-saint-hubert\/#primaryimage\",\"url\":\"https:\/\/www.domainebarichet.com\/wp\/wp-content\/uploads\/2024\/03\/Barichet-3-75.png\",\"contentUrl\":\"https:\/\/www.domainebarichet.com\/wp\/wp-content\/uploads\/2024\/03\/Barichet-3-75.png\",\"width\":500,\"height\":1402,\"caption\":\"Lavaux vin Pinot noir direct propri\u00e9taire\"},{\"@type\":\"BreadcrumbList\",\"@id\":\"https:\/\/www.domainebarichet.com\/de\/vin-lavaux\/rotwine-pinot-noir-lavaux-blonay-saint-hubert\/#breadcrumb\",\"itemListElement\":[{\"@type\":\"ListItem\",\"position\":1,\"name\":\"Accueil\",\"item\":\"https:\/\/www.domainebarichet.com\/de\/startseite\/\"},{\"@type\":\"ListItem\",\"position\":2,\"name\":\"Shop\",\"item\":\"https:\/\/www.domainebarichet.com\/de\/shop\/\"},{\"@type\":\"ListItem\",\"position\":3,\"name\":\"Rotwine Pinot Noir Saint-Hubert\"}]},{\"@type\":\"WebSite\",\"@id\":\"https:\/\/www.domainebarichet.com\/de\/#website\",\"url\":\"https:\/\/www.domainebarichet.com\/de\/\",\"name\":\"Domaine Barichet\",\"description\":\"De nos muses, le chai\",\"publisher\":{\"@id\":\"https:\/\/www.domainebarichet.com\/de\/#organization\"},\"potentialAction\":[{\"@type\":\"SearchAction\",\"target\":{\"@type\":\"EntryPoint\",\"urlTemplate\":\"https:\/\/www.domainebarichet.com\/de\/?s={search_term_string}\"},\"query-input\":\"required name=search_term_string\"}],\"inLanguage\":\"de-DE\"},{\"@type\":\"Organization\",\"@id\":\"https:\/\/www.domainebarichet.com\/de\/#organization\",\"name\":\"Domaine Barichet\",\"url\":\"https:\/\/www.domainebarichet.com\/de\/\",\"logo\":{\"@type\":\"ImageObject\",\"inLanguage\":\"de-DE\",\"@id\":\"https:\/\/www.domainebarichet.com\/de\/#\/schema\/logo\/image\/\",\"url\":\"https:\/\/www.domainebarichet.com\/wp\/wp-content\/uploads\/2024\/04\/Logo_DEF-Copie.png\",\"contentUrl\":\"https:\/\/www.domainebarichet.com\/wp\/wp-content\/uploads\/2024\/04\/Logo_DEF-Copie.png\",\"width\":1008,\"height\":1008,\"caption\":\"Domaine Barichet\"},\"image\":{\"@id\":\"https:\/\/www.domainebarichet.com\/de\/#\/schema\/logo\/image\/\"}}]}<\/script>\n<!-- \/ Yoast SEO plugin. -->","yoast_head_json":{"title":"Rotwine Pinot Noir Saint-Hubert - Domaine Barichet","description":"Der Garanoir, diese in der Schweiz entwickelte Rebsorte, bringt Ihnen eine Weinprobe, die vom Terroir des Lavaux gepr\u00e4gt ist. Rotwein produziert in Lavaux","robots":{"index":"index","follow":"follow","max-snippet":"max-snippet:-1","max-image-preview":"max-image-preview:large","max-video-preview":"max-video-preview:-1"},"canonical":"https:\/\/www.domainebarichet.com\/de\/vin-lavaux\/rotwine-pinot-noir-lavaux-blonay-saint-hubert\/","og_locale":"de_DE","og_type":"article","og_title":"Rotwine Pinot Noir Saint-Hubert - Domaine Barichet","og_description":"Der Garanoir, diese in der Schweiz entwickelte Rebsorte, bringt Ihnen eine Weinprobe, die vom Terroir des Lavaux gepr\u00e4gt ist. Rotwein produziert in Lavaux","og_url":"https:\/\/www.domainebarichet.com\/de\/vin-lavaux\/rotwine-pinot-noir-lavaux-blonay-saint-hubert\/","og_site_name":"Domaine Barichet","article_modified_time":"2024-09-25T10:53:40+00:00","og_image":[{"width":500,"height":1402,"url":"https:\/\/www.domainebarichet.com\/wp\/wp-content\/uploads\/2024\/03\/Barichet-3-75.png","type":"image\/png"}],"twitter_card":"summary_large_image","twitter_misc":{"Est. reading time":"1 minute"},"schema":{"@context":"https:\/\/schema.org","@graph":[{"@type":"WebPage","@id":"https:\/\/www.domainebarichet.com\/de\/vin-lavaux\/rotwine-pinot-noir-lavaux-blonay-saint-hubert\/","url":"https:\/\/www.domainebarichet.com\/de\/vin-lavaux\/rotwine-pinot-noir-lavaux-blonay-saint-hubert\/","name":"Rotwine Pinot Noir Saint-Hubert - Domaine Barichet","isPartOf":{"@id":"https:\/\/www.domainebarichet.com\/de\/#website"},"primaryImageOfPage":{"@id":"https:\/\/www.domainebarichet.com\/de\/vin-lavaux\/rotwine-pinot-noir-lavaux-blonay-saint-hubert\/#primaryimage"},"image":{"@id":"https:\/\/www.domainebarichet.com\/de\/vin-lavaux\/rotwine-pinot-noir-lavaux-blonay-saint-hubert\/#primaryimage"},"thumbnailUrl":"https:\/\/www.domainebarichet.com\/wp\/wp-content\/uploads\/2024\/03\/Barichet-3-75.png","datePublished":"2023-10-02T09:56:29+00:00","dateModified":"2024-09-25T10:53:40+00:00","description":"Der Garanoir, diese in der Schweiz entwickelte Rebsorte, bringt Ihnen eine Weinprobe, die vom Terroir des Lavaux gepr\u00e4gt ist. Rotwein produziert in Lavaux","breadcrumb":{"@id":"https:\/\/www.domainebarichet.com\/de\/vin-lavaux\/rotwine-pinot-noir-lavaux-blonay-saint-hubert\/#breadcrumb"},"inLanguage":"de-DE","potentialAction":[{"@type":"ReadAction","target":["https:\/\/www.domainebarichet.com\/de\/vin-lavaux\/rotwine-pinot-noir-lavaux-blonay-saint-hubert\/"]}]},{"@type":"ImageObject","inLanguage":"de-DE","@id":"https:\/\/www.domainebarichet.com\/de\/vin-lavaux\/rotwine-pinot-noir-lavaux-blonay-saint-hubert\/#primaryimage","url":"https:\/\/www.domainebarichet.com\/wp\/wp-content\/uploads\/2024\/03\/Barichet-3-75.png","contentUrl":"https:\/\/www.domainebarichet.com\/wp\/wp-content\/uploads\/2024\/03\/Barichet-3-75.png","width":500,"height":1402,"caption":"Lavaux vin Pinot noir direct propri\u00e9taire"},{"@type":"BreadcrumbList","@id":"https:\/\/www.domainebarichet.com\/de\/vin-lavaux\/rotwine-pinot-noir-lavaux-blonay-saint-hubert\/#breadcrumb","itemListElement":[{"@type":"ListItem","position":1,"name":"Accueil","item":"https:\/\/www.domainebarichet.com\/de\/startseite\/"},{"@type":"ListItem","position":2,"name":"Shop","item":"https:\/\/www.domainebarichet.com\/de\/shop\/"},{"@type":"ListItem","position":3,"name":"Rotwine Pinot Noir Saint-Hubert"}]},{"@type":"WebSite","@id":"https:\/\/www.domainebarichet.com\/de\/#website","url":"https:\/\/www.domainebarichet.com\/de\/","name":"Domaine Barichet","description":"De nos muses, le chai","publisher":{"@id":"https:\/\/www.domainebarichet.com\/de\/#organization"},"potentialAction":[{"@type":"SearchAction","target":{"@type":"EntryPoint","urlTemplate":"https:\/\/www.domainebarichet.com\/de\/?s={search_term_string}"},"query-input":"required name=search_term_string"}],"inLanguage":"de-DE"},{"@type":"Organization","@id":"https:\/\/www.domainebarichet.com\/de\/#organization","name":"Domaine Barichet","url":"https:\/\/www.domainebarichet.com\/de\/","logo":{"@type":"ImageObject","inLanguage":"de-DE","@id":"https:\/\/www.domainebarichet.com\/de\/#\/schema\/logo\/image\/","url":"https:\/\/www.domainebarichet.com\/wp\/wp-content\/uploads\/2024\/04\/Logo_DEF-Copie.png","contentUrl":"https:\/\/www.domainebarichet.com\/wp\/wp-content\/uploads\/2024\/04\/Logo_DEF-Copie.png","width":1008,"height":1008,"caption":"Domaine Barichet"},"image":{"@id":"https:\/\/www.domainebarichet.com\/de\/#\/schema\/logo\/image\/"}}]}},"_links":{"self":[{"href":"https:\/\/www.domainebarichet.com\/de\/wp-json\/wp\/v2\/product\/1378"}],"collection":[{"href":"https:\/\/www.domainebarichet.com\/de\/wp-json\/wp\/v2\/product"}],"about":[{"href":"https:\/\/www.domainebarichet.com\/de\/wp-json\/wp\/v2\/types\/product"}],"wp:featuredmedia":[{"embeddable":true,"href":"https:\/\/www.domainebarichet.com\/de\/wp-json\/wp\/v2\/media\/1074"}],"wp:attachment":[{"href":"https:\/\/www.domainebarichet.com\/de\/wp-json\/wp\/v2\/media?parent=1378"}],"wp:term":[{"taxonomy":"product_cat","embeddable":true,"href":"https:\/\/www.domainebarichet.com\/de\/wp-json\/wp\/v2\/product_cat?post=1378"},{"taxonomy":"product_tag","embeddable":true,"href":"https:\/\/www.domainebarichet.com\/de\/wp-json\/wp\/v2\/product_tag?post=1378"}],"curies":[{"name":"wp","href":"https:\/\/api.w.org\/{rel}","templated":true}]}}