{"id":1373,"date":"2023-10-02T16:49:02","date_gmt":"2023-10-02T14:49:02","guid":{"rendered":"https:\/\/www.domainebarichet.com\/produit\/les-rouvenaules\/"},"modified":"2024-09-25T12:50:04","modified_gmt":"2024-09-25T10:50:04","slug":"rotwine-garanoir-lavaux-blonay-les-rouvenaules","status":"publish","type":"product","link":"https:\/\/www.domainebarichet.com\/de\/vin-lavaux\/rotwine-garanoir-lavaux-blonay-les-rouvenaules\/","title":{"rendered":"Rotwein Garanoir Les Rouvenaules"},"content":{"rendered":"<h4>VERKOSTUNG :<\/h4>\n<p>Der Garanoir aus unserer Tradition-Linie verf\u00fchrt bereits beim ersten Duft mit seinen sehr schmeichelnden R\u00f6staromen. Am Gaumen zeigt er sich wunderbar weich, mit geschmeidigen Tanninen, die ihm einen sch\u00f6nen Abgang verleihen. Dieser \u00fcberraschende Wein kann sogar ein Fischgericht begleiten und bietet eine unerwartete und k\u00f6stliche Geschmackserfahrung.<\/p>\n<h4>PASSENDE SPEISEN :<\/h4>\n<p>Das Domaine Barichet l\u00e4dt Sie ein, Ihr Geschmackserlebnis zu vervollkommnen, indem Sie unseren Wein &#8220;Les Rouvenaules&#8221; mit <strong>einer k\u00f6stlichen Doppel-Entrec\u00f4te und cremiger Estragonbutter kombinieren<\/strong>.<\/p>\n","protected":false},"excerpt":{"rendered":"<p>Der Rotwine Garanoir, diese in der Schweiz entwickelte Rebsorte, bietet Ihnen eine Verkostung, die vom Terroir von Lavaux gepr\u00e4gt ist.<\/p>\n","protected":false},"featured_media":1070,"template":"","meta":{"content-type":"","inline_featured_image":false},"product_cat":[137,124],"product_tag":[],"yoast_head":"<!-- This site is optimized with the Yoast SEO plugin v22.3 - https:\/\/yoast.com\/wordpress\/plugins\/seo\/ -->\n<title>Rotwein Garanoir Les Rouvenaules - Domaine Barichet<\/title>\n<meta name=\"description\" content=\"Der Garanoir, diese in der Schweiz entwickelte Rebsorte, bringt Ihnen eine Weinprobe, die vom Terroir des Lavaux gepr\u00e4gt ist. Wein aus dem Sortiment Tradition.\" \/>\n<meta name=\"robots\" content=\"index, follow, max-snippet:-1, max-image-preview:large, max-video-preview:-1\" \/>\n<link rel=\"canonical\" href=\"https:\/\/www.domainebarichet.com\/de\/vin-lavaux\/rotwine-garanoir-lavaux-blonay-les-rouvenaules\/\" \/>\n<meta property=\"og:locale\" content=\"de_DE\" \/>\n<meta property=\"og:type\" content=\"article\" \/>\n<meta property=\"og:title\" content=\"Rotwein Garanoir Les Rouvenaules - Domaine Barichet\" \/>\n<meta property=\"og:description\" content=\"Der Garanoir, diese in der Schweiz entwickelte Rebsorte, bringt Ihnen eine Weinprobe, die vom Terroir des Lavaux gepr\u00e4gt ist. Wein aus dem Sortiment Tradition.\" \/>\n<meta property=\"og:url\" content=\"https:\/\/www.domainebarichet.com\/de\/vin-lavaux\/rotwine-garanoir-lavaux-blonay-les-rouvenaules\/\" \/>\n<meta property=\"og:site_name\" content=\"Domaine Barichet\" \/>\n<meta property=\"article:modified_time\" content=\"2024-09-25T10:50:04+00:00\" \/>\n<meta property=\"og:image\" content=\"https:\/\/www.domainebarichet.com\/wp\/wp-content\/uploads\/2024\/03\/Barichet-1-75.png\" \/>\n\t<meta property=\"og:image:width\" content=\"500\" \/>\n\t<meta property=\"og:image:height\" content=\"1402\" \/>\n\t<meta property=\"og:image:type\" content=\"image\/png\" \/>\n<meta name=\"twitter:card\" content=\"summary_large_image\" \/>\n<meta name=\"twitter:label1\" content=\"Est. reading time\" \/>\n\t<meta name=\"twitter:data1\" content=\"1 minute\" \/>\n<script type=\"application\/ld+json\" class=\"yoast-schema-graph\">{\"@context\":\"https:\/\/schema.org\",\"@graph\":[{\"@type\":\"WebPage\",\"@id\":\"https:\/\/www.domainebarichet.com\/de\/vin-lavaux\/rotwine-garanoir-lavaux-blonay-les-rouvenaules\/\",\"url\":\"https:\/\/www.domainebarichet.com\/de\/vin-lavaux\/rotwine-garanoir-lavaux-blonay-les-rouvenaules\/\",\"name\":\"Rotwein Garanoir Les Rouvenaules - Domaine Barichet\",\"isPartOf\":{\"@id\":\"https:\/\/www.domainebarichet.com\/de\/#website\"},\"primaryImageOfPage\":{\"@id\":\"https:\/\/www.domainebarichet.com\/de\/vin-lavaux\/rotwine-garanoir-lavaux-blonay-les-rouvenaules\/#primaryimage\"},\"image\":{\"@id\":\"https:\/\/www.domainebarichet.com\/de\/vin-lavaux\/rotwine-garanoir-lavaux-blonay-les-rouvenaules\/#primaryimage\"},\"thumbnailUrl\":\"https:\/\/www.domainebarichet.com\/wp\/wp-content\/uploads\/2024\/03\/Barichet-1-75.png\",\"datePublished\":\"2023-10-02T14:49:02+00:00\",\"dateModified\":\"2024-09-25T10:50:04+00:00\",\"description\":\"Der Garanoir, diese in der Schweiz entwickelte Rebsorte, bringt Ihnen eine Weinprobe, die vom Terroir des Lavaux gepr\u00e4gt ist. Wein aus dem Sortiment Tradition.\",\"breadcrumb\":{\"@id\":\"https:\/\/www.domainebarichet.com\/de\/vin-lavaux\/rotwine-garanoir-lavaux-blonay-les-rouvenaules\/#breadcrumb\"},\"inLanguage\":\"de-DE\",\"potentialAction\":[{\"@type\":\"ReadAction\",\"target\":[\"https:\/\/www.domainebarichet.com\/de\/vin-lavaux\/rotwine-garanoir-lavaux-blonay-les-rouvenaules\/\"]}]},{\"@type\":\"ImageObject\",\"inLanguage\":\"de-DE\",\"@id\":\"https:\/\/www.domainebarichet.com\/de\/vin-lavaux\/rotwine-garanoir-lavaux-blonay-les-rouvenaules\/#primaryimage\",\"url\":\"https:\/\/www.domainebarichet.com\/wp\/wp-content\/uploads\/2024\/03\/Barichet-1-75.png\",\"contentUrl\":\"https:\/\/www.domainebarichet.com\/wp\/wp-content\/uploads\/2024\/03\/Barichet-1-75.png\",\"width\":500,\"height\":1402,\"caption\":\"Lavaux vin Garanoir direct cave propri\u00e9taire\"},{\"@type\":\"BreadcrumbList\",\"@id\":\"https:\/\/www.domainebarichet.com\/de\/vin-lavaux\/rotwine-garanoir-lavaux-blonay-les-rouvenaules\/#breadcrumb\",\"itemListElement\":[{\"@type\":\"ListItem\",\"position\":1,\"name\":\"Accueil\",\"item\":\"https:\/\/www.domainebarichet.com\/de\/startseite\/\"},{\"@type\":\"ListItem\",\"position\":2,\"name\":\"Shop\",\"item\":\"https:\/\/www.domainebarichet.com\/de\/shop\/\"},{\"@type\":\"ListItem\",\"position\":3,\"name\":\"Rotwein Garanoir Les Rouvenaules\"}]},{\"@type\":\"WebSite\",\"@id\":\"https:\/\/www.domainebarichet.com\/de\/#website\",\"url\":\"https:\/\/www.domainebarichet.com\/de\/\",\"name\":\"Domaine Barichet\",\"description\":\"De nos muses, le chai\",\"publisher\":{\"@id\":\"https:\/\/www.domainebarichet.com\/de\/#organization\"},\"potentialAction\":[{\"@type\":\"SearchAction\",\"target\":{\"@type\":\"EntryPoint\",\"urlTemplate\":\"https:\/\/www.domainebarichet.com\/de\/?s={search_term_string}\"},\"query-input\":\"required name=search_term_string\"}],\"inLanguage\":\"de-DE\"},{\"@type\":\"Organization\",\"@id\":\"https:\/\/www.domainebarichet.com\/de\/#organization\",\"name\":\"Domaine Barichet\",\"url\":\"https:\/\/www.domainebarichet.com\/de\/\",\"logo\":{\"@type\":\"ImageObject\",\"inLanguage\":\"de-DE\",\"@id\":\"https:\/\/www.domainebarichet.com\/de\/#\/schema\/logo\/image\/\",\"url\":\"https:\/\/www.domainebarichet.com\/wp\/wp-content\/uploads\/2024\/04\/Logo_DEF-Copie.png\",\"contentUrl\":\"https:\/\/www.domainebarichet.com\/wp\/wp-content\/uploads\/2024\/04\/Logo_DEF-Copie.png\",\"width\":1008,\"height\":1008,\"caption\":\"Domaine Barichet\"},\"image\":{\"@id\":\"https:\/\/www.domainebarichet.com\/de\/#\/schema\/logo\/image\/\"}}]}<\/script>\n<!-- \/ Yoast SEO plugin. -->","yoast_head_json":{"title":"Rotwein Garanoir Les Rouvenaules - Domaine Barichet","description":"Der Garanoir, diese in der Schweiz entwickelte Rebsorte, bringt Ihnen eine Weinprobe, die vom Terroir des Lavaux gepr\u00e4gt ist. Wein aus dem Sortiment Tradition.","robots":{"index":"index","follow":"follow","max-snippet":"max-snippet:-1","max-image-preview":"max-image-preview:large","max-video-preview":"max-video-preview:-1"},"canonical":"https:\/\/www.domainebarichet.com\/de\/vin-lavaux\/rotwine-garanoir-lavaux-blonay-les-rouvenaules\/","og_locale":"de_DE","og_type":"article","og_title":"Rotwein Garanoir Les Rouvenaules - Domaine Barichet","og_description":"Der Garanoir, diese in der Schweiz entwickelte Rebsorte, bringt Ihnen eine Weinprobe, die vom Terroir des Lavaux gepr\u00e4gt ist. Wein aus dem Sortiment Tradition.","og_url":"https:\/\/www.domainebarichet.com\/de\/vin-lavaux\/rotwine-garanoir-lavaux-blonay-les-rouvenaules\/","og_site_name":"Domaine Barichet","article_modified_time":"2024-09-25T10:50:04+00:00","og_image":[{"width":500,"height":1402,"url":"https:\/\/www.domainebarichet.com\/wp\/wp-content\/uploads\/2024\/03\/Barichet-1-75.png","type":"image\/png"}],"twitter_card":"summary_large_image","twitter_misc":{"Est. reading time":"1 minute"},"schema":{"@context":"https:\/\/schema.org","@graph":[{"@type":"WebPage","@id":"https:\/\/www.domainebarichet.com\/de\/vin-lavaux\/rotwine-garanoir-lavaux-blonay-les-rouvenaules\/","url":"https:\/\/www.domainebarichet.com\/de\/vin-lavaux\/rotwine-garanoir-lavaux-blonay-les-rouvenaules\/","name":"Rotwein Garanoir Les Rouvenaules - Domaine Barichet","isPartOf":{"@id":"https:\/\/www.domainebarichet.com\/de\/#website"},"primaryImageOfPage":{"@id":"https:\/\/www.domainebarichet.com\/de\/vin-lavaux\/rotwine-garanoir-lavaux-blonay-les-rouvenaules\/#primaryimage"},"image":{"@id":"https:\/\/www.domainebarichet.com\/de\/vin-lavaux\/rotwine-garanoir-lavaux-blonay-les-rouvenaules\/#primaryimage"},"thumbnailUrl":"https:\/\/www.domainebarichet.com\/wp\/wp-content\/uploads\/2024\/03\/Barichet-1-75.png","datePublished":"2023-10-02T14:49:02+00:00","dateModified":"2024-09-25T10:50:04+00:00","description":"Der Garanoir, diese in der Schweiz entwickelte Rebsorte, bringt Ihnen eine Weinprobe, die vom Terroir des Lavaux gepr\u00e4gt ist. Wein aus dem Sortiment Tradition.","breadcrumb":{"@id":"https:\/\/www.domainebarichet.com\/de\/vin-lavaux\/rotwine-garanoir-lavaux-blonay-les-rouvenaules\/#breadcrumb"},"inLanguage":"de-DE","potentialAction":[{"@type":"ReadAction","target":["https:\/\/www.domainebarichet.com\/de\/vin-lavaux\/rotwine-garanoir-lavaux-blonay-les-rouvenaules\/"]}]},{"@type":"ImageObject","inLanguage":"de-DE","@id":"https:\/\/www.domainebarichet.com\/de\/vin-lavaux\/rotwine-garanoir-lavaux-blonay-les-rouvenaules\/#primaryimage","url":"https:\/\/www.domainebarichet.com\/wp\/wp-content\/uploads\/2024\/03\/Barichet-1-75.png","contentUrl":"https:\/\/www.domainebarichet.com\/wp\/wp-content\/uploads\/2024\/03\/Barichet-1-75.png","width":500,"height":1402,"caption":"Lavaux vin Garanoir direct cave propri\u00e9taire"},{"@type":"BreadcrumbList","@id":"https:\/\/www.domainebarichet.com\/de\/vin-lavaux\/rotwine-garanoir-lavaux-blonay-les-rouvenaules\/#breadcrumb","itemListElement":[{"@type":"ListItem","position":1,"name":"Accueil","item":"https:\/\/www.domainebarichet.com\/de\/startseite\/"},{"@type":"ListItem","position":2,"name":"Shop","item":"https:\/\/www.domainebarichet.com\/de\/shop\/"},{"@type":"ListItem","position":3,"name":"Rotwein Garanoir Les Rouvenaules"}]},{"@type":"WebSite","@id":"https:\/\/www.domainebarichet.com\/de\/#website","url":"https:\/\/www.domainebarichet.com\/de\/","name":"Domaine Barichet","description":"De nos muses, le chai","publisher":{"@id":"https:\/\/www.domainebarichet.com\/de\/#organization"},"potentialAction":[{"@type":"SearchAction","target":{"@type":"EntryPoint","urlTemplate":"https:\/\/www.domainebarichet.com\/de\/?s={search_term_string}"},"query-input":"required name=search_term_string"}],"inLanguage":"de-DE"},{"@type":"Organization","@id":"https:\/\/www.domainebarichet.com\/de\/#organization","name":"Domaine Barichet","url":"https:\/\/www.domainebarichet.com\/de\/","logo":{"@type":"ImageObject","inLanguage":"de-DE","@id":"https:\/\/www.domainebarichet.com\/de\/#\/schema\/logo\/image\/","url":"https:\/\/www.domainebarichet.com\/wp\/wp-content\/uploads\/2024\/04\/Logo_DEF-Copie.png","contentUrl":"https:\/\/www.domainebarichet.com\/wp\/wp-content\/uploads\/2024\/04\/Logo_DEF-Copie.png","width":1008,"height":1008,"caption":"Domaine Barichet"},"image":{"@id":"https:\/\/www.domainebarichet.com\/de\/#\/schema\/logo\/image\/"}}]}},"_links":{"self":[{"href":"https:\/\/www.domainebarichet.com\/de\/wp-json\/wp\/v2\/product\/1373"}],"collection":[{"href":"https:\/\/www.domainebarichet.com\/de\/wp-json\/wp\/v2\/product"}],"about":[{"href":"https:\/\/www.domainebarichet.com\/de\/wp-json\/wp\/v2\/types\/product"}],"wp:featuredmedia":[{"embeddable":true,"href":"https:\/\/www.domainebarichet.com\/de\/wp-json\/wp\/v2\/media\/1070"}],"wp:attachment":[{"href":"https:\/\/www.domainebarichet.com\/de\/wp-json\/wp\/v2\/media?parent=1373"}],"wp:term":[{"taxonomy":"product_cat","embeddable":true,"href":"https:\/\/www.domainebarichet.com\/de\/wp-json\/wp\/v2\/product_cat?post=1373"},{"taxonomy":"product_tag","embeddable":true,"href":"https:\/\/www.domainebarichet.com\/de\/wp-json\/wp\/v2\/product_tag?post=1373"}],"curies":[{"name":"wp","href":"https:\/\/api.w.org\/{rel}","templated":true}]}}