{"id":1364,"date":"2023-10-02T16:52:51","date_gmt":"2023-10-02T14:52:51","guid":{"rendered":"https:\/\/www.domainebarichet.com\/produit\/les-rouvenaules-2\/"},"modified":"2024-09-25T12:44:33","modified_gmt":"2024-09-25T10:44:33","slug":"weisswein-chasselas-lavaux-blonay-les-rouvenaules-2","status":"publish","type":"product","link":"https:\/\/www.domainebarichet.com\/de\/vin-lavaux\/weisswein-chasselas-lavaux-blonay-les-rouvenaules-2\/","title":{"rendered":"Wei\u00dfwein Chasselas Les Rouvenaules"},"content":{"rendered":"<h4>VERKOSTUNG :<\/h4>\n<p>Die Tradition-Linie bietet einen Chasselas mit subtilen und eleganten Eigenschaften. Dieser Wein enth\u00fcllt eine zarte Nase, einen weichen Antritt im Mund mit einer sch\u00f6nen fruchtigen Note. Typisch f\u00fcr die gro\u00dfen Chasselas aus Lavaux, eignet er sich perfekt sowohl als Aperitif als auch am Tisch und bietet ein raffiniertes und authentisches Geschmackserlebnis.<\/p>\n<h4>PASSENDE SPEISEN :<\/h4>\n<p>Das Domaine Barichet empfiehlt, unseren Wein &#8220;Les Rouvenaules&#8221; in vollen Z\u00fcgen zu genie\u00dfen, indem Sie ihn mit einem k\u00f6stlichen <strong>Vacherin Mont-d&#8217;Or<\/strong> kombinieren. Dies schafft eine perfekte geschmackliche Harmonie zwischen der F\u00fclle unseres Weins und der Feinheit dieses au\u00dfergew\u00f6hnlichen K\u00e4ses.<\/p>\n","protected":false},"excerpt":{"rendered":"<p>Genie\u00dfen Sie die Eleganz des Terroirs mit Les Rouvenaules, einem raffinierten Chasselas, der die Sinne weckt.<\/p>\n","protected":false},"featured_media":1116,"template":"","meta":{"content-type":"","inline_featured_image":false},"product_cat":[133,124],"product_tag":[],"yoast_head":"<!-- This site is optimized with the Yoast SEO plugin v22.3 - https:\/\/yoast.com\/wordpress\/plugins\/seo\/ -->\n<title>Wei\u00dfwein Chasselas Les Rouvenaules - Domaine Barichet<\/title>\n<meta name=\"description\" content=\"Genie\u00dfen Sie die Eleganz des Terroirs mit Les Rouvenaules, einem raffinierten Chasselas, der die Sinne weckt. Ein Wein der Domaine Barichet.\" \/>\n<meta name=\"robots\" content=\"index, follow, max-snippet:-1, max-image-preview:large, max-video-preview:-1\" \/>\n<link rel=\"canonical\" href=\"https:\/\/www.domainebarichet.com\/de\/vin-lavaux\/weisswein-chasselas-lavaux-blonay-les-rouvenaules-2\/\" \/>\n<meta property=\"og:locale\" content=\"de_DE\" \/>\n<meta property=\"og:type\" content=\"article\" \/>\n<meta property=\"og:title\" content=\"Wei\u00dfwein Chasselas Les Rouvenaules - Domaine Barichet\" \/>\n<meta property=\"og:description\" content=\"Genie\u00dfen Sie die Eleganz des Terroirs mit Les Rouvenaules, einem raffinierten Chasselas, der die Sinne weckt. Ein Wein der Domaine Barichet.\" \/>\n<meta property=\"og:url\" content=\"https:\/\/www.domainebarichet.com\/de\/vin-lavaux\/weisswein-chasselas-lavaux-blonay-les-rouvenaules-2\/\" \/>\n<meta property=\"og:site_name\" content=\"Domaine Barichet\" \/>\n<meta property=\"article:modified_time\" content=\"2024-09-25T10:44:33+00:00\" \/>\n<meta property=\"og:image\" content=\"https:\/\/www.domainebarichet.com\/wp\/wp-content\/uploads\/2023\/10\/Barichet-13-75-2.png\" \/>\n\t<meta property=\"og:image:width\" content=\"570\" \/>\n\t<meta property=\"og:image:height\" content=\"1598\" \/>\n\t<meta property=\"og:image:type\" content=\"image\/png\" \/>\n<meta name=\"twitter:card\" content=\"summary_large_image\" \/>\n<meta name=\"twitter:label1\" content=\"Est. reading time\" \/>\n\t<meta name=\"twitter:data1\" content=\"1 minute\" \/>\n<script type=\"application\/ld+json\" class=\"yoast-schema-graph\">{\"@context\":\"https:\/\/schema.org\",\"@graph\":[{\"@type\":\"WebPage\",\"@id\":\"https:\/\/www.domainebarichet.com\/de\/vin-lavaux\/weisswein-chasselas-lavaux-blonay-les-rouvenaules-2\/\",\"url\":\"https:\/\/www.domainebarichet.com\/de\/vin-lavaux\/weisswein-chasselas-lavaux-blonay-les-rouvenaules-2\/\",\"name\":\"Wei\u00dfwein Chasselas Les Rouvenaules - Domaine Barichet\",\"isPartOf\":{\"@id\":\"https:\/\/www.domainebarichet.com\/de\/#website\"},\"primaryImageOfPage\":{\"@id\":\"https:\/\/www.domainebarichet.com\/de\/vin-lavaux\/weisswein-chasselas-lavaux-blonay-les-rouvenaules-2\/#primaryimage\"},\"image\":{\"@id\":\"https:\/\/www.domainebarichet.com\/de\/vin-lavaux\/weisswein-chasselas-lavaux-blonay-les-rouvenaules-2\/#primaryimage\"},\"thumbnailUrl\":\"https:\/\/www.domainebarichet.com\/wp\/wp-content\/uploads\/2023\/10\/Barichet-13-75-2.png\",\"datePublished\":\"2023-10-02T14:52:51+00:00\",\"dateModified\":\"2024-09-25T10:44:33+00:00\",\"description\":\"Genie\u00dfen Sie die Eleganz des Terroirs mit Les Rouvenaules, einem raffinierten Chasselas, der die Sinne weckt. Ein Wein der Domaine Barichet.\",\"breadcrumb\":{\"@id\":\"https:\/\/www.domainebarichet.com\/de\/vin-lavaux\/weisswein-chasselas-lavaux-blonay-les-rouvenaules-2\/#breadcrumb\"},\"inLanguage\":\"de-DE\",\"potentialAction\":[{\"@type\":\"ReadAction\",\"target\":[\"https:\/\/www.domainebarichet.com\/de\/vin-lavaux\/weisswein-chasselas-lavaux-blonay-les-rouvenaules-2\/\"]}]},{\"@type\":\"ImageObject\",\"inLanguage\":\"de-DE\",\"@id\":\"https:\/\/www.domainebarichet.com\/de\/vin-lavaux\/weisswein-chasselas-lavaux-blonay-les-rouvenaules-2\/#primaryimage\",\"url\":\"https:\/\/www.domainebarichet.com\/wp\/wp-content\/uploads\/2023\/10\/Barichet-13-75-2.png\",\"contentUrl\":\"https:\/\/www.domainebarichet.com\/wp\/wp-content\/uploads\/2023\/10\/Barichet-13-75-2.png\",\"width\":570,\"height\":1598,\"caption\":\"white wine chasselas lavaux\"},{\"@type\":\"BreadcrumbList\",\"@id\":\"https:\/\/www.domainebarichet.com\/de\/vin-lavaux\/weisswein-chasselas-lavaux-blonay-les-rouvenaules-2\/#breadcrumb\",\"itemListElement\":[{\"@type\":\"ListItem\",\"position\":1,\"name\":\"Accueil\",\"item\":\"https:\/\/www.domainebarichet.com\/de\/startseite\/\"},{\"@type\":\"ListItem\",\"position\":2,\"name\":\"Shop\",\"item\":\"https:\/\/www.domainebarichet.com\/de\/shop\/\"},{\"@type\":\"ListItem\",\"position\":3,\"name\":\"Wei\u00dfwein Chasselas Les Rouvenaules\"}]},{\"@type\":\"WebSite\",\"@id\":\"https:\/\/www.domainebarichet.com\/de\/#website\",\"url\":\"https:\/\/www.domainebarichet.com\/de\/\",\"name\":\"Domaine Barichet\",\"description\":\"De nos muses, le chai\",\"publisher\":{\"@id\":\"https:\/\/www.domainebarichet.com\/de\/#organization\"},\"potentialAction\":[{\"@type\":\"SearchAction\",\"target\":{\"@type\":\"EntryPoint\",\"urlTemplate\":\"https:\/\/www.domainebarichet.com\/de\/?s={search_term_string}\"},\"query-input\":\"required name=search_term_string\"}],\"inLanguage\":\"de-DE\"},{\"@type\":\"Organization\",\"@id\":\"https:\/\/www.domainebarichet.com\/de\/#organization\",\"name\":\"Domaine Barichet\",\"url\":\"https:\/\/www.domainebarichet.com\/de\/\",\"logo\":{\"@type\":\"ImageObject\",\"inLanguage\":\"de-DE\",\"@id\":\"https:\/\/www.domainebarichet.com\/de\/#\/schema\/logo\/image\/\",\"url\":\"https:\/\/www.domainebarichet.com\/wp\/wp-content\/uploads\/2024\/04\/Logo_DEF-Copie.png\",\"contentUrl\":\"https:\/\/www.domainebarichet.com\/wp\/wp-content\/uploads\/2024\/04\/Logo_DEF-Copie.png\",\"width\":1008,\"height\":1008,\"caption\":\"Domaine Barichet\"},\"image\":{\"@id\":\"https:\/\/www.domainebarichet.com\/de\/#\/schema\/logo\/image\/\"}}]}<\/script>\n<!-- \/ Yoast SEO plugin. -->","yoast_head_json":{"title":"Wei\u00dfwein Chasselas Les Rouvenaules - Domaine Barichet","description":"Genie\u00dfen Sie die Eleganz des Terroirs mit Les Rouvenaules, einem raffinierten Chasselas, der die Sinne weckt. Ein Wein der Domaine Barichet.","robots":{"index":"index","follow":"follow","max-snippet":"max-snippet:-1","max-image-preview":"max-image-preview:large","max-video-preview":"max-video-preview:-1"},"canonical":"https:\/\/www.domainebarichet.com\/de\/vin-lavaux\/weisswein-chasselas-lavaux-blonay-les-rouvenaules-2\/","og_locale":"de_DE","og_type":"article","og_title":"Wei\u00dfwein Chasselas Les Rouvenaules - Domaine Barichet","og_description":"Genie\u00dfen Sie die Eleganz des Terroirs mit Les Rouvenaules, einem raffinierten Chasselas, der die Sinne weckt. Ein Wein der Domaine Barichet.","og_url":"https:\/\/www.domainebarichet.com\/de\/vin-lavaux\/weisswein-chasselas-lavaux-blonay-les-rouvenaules-2\/","og_site_name":"Domaine Barichet","article_modified_time":"2024-09-25T10:44:33+00:00","og_image":[{"width":570,"height":1598,"url":"https:\/\/www.domainebarichet.com\/wp\/wp-content\/uploads\/2023\/10\/Barichet-13-75-2.png","type":"image\/png"}],"twitter_card":"summary_large_image","twitter_misc":{"Est. reading time":"1 minute"},"schema":{"@context":"https:\/\/schema.org","@graph":[{"@type":"WebPage","@id":"https:\/\/www.domainebarichet.com\/de\/vin-lavaux\/weisswein-chasselas-lavaux-blonay-les-rouvenaules-2\/","url":"https:\/\/www.domainebarichet.com\/de\/vin-lavaux\/weisswein-chasselas-lavaux-blonay-les-rouvenaules-2\/","name":"Wei\u00dfwein Chasselas Les Rouvenaules - Domaine Barichet","isPartOf":{"@id":"https:\/\/www.domainebarichet.com\/de\/#website"},"primaryImageOfPage":{"@id":"https:\/\/www.domainebarichet.com\/de\/vin-lavaux\/weisswein-chasselas-lavaux-blonay-les-rouvenaules-2\/#primaryimage"},"image":{"@id":"https:\/\/www.domainebarichet.com\/de\/vin-lavaux\/weisswein-chasselas-lavaux-blonay-les-rouvenaules-2\/#primaryimage"},"thumbnailUrl":"https:\/\/www.domainebarichet.com\/wp\/wp-content\/uploads\/2023\/10\/Barichet-13-75-2.png","datePublished":"2023-10-02T14:52:51+00:00","dateModified":"2024-09-25T10:44:33+00:00","description":"Genie\u00dfen Sie die Eleganz des Terroirs mit Les Rouvenaules, einem raffinierten Chasselas, der die Sinne weckt. Ein Wein der Domaine Barichet.","breadcrumb":{"@id":"https:\/\/www.domainebarichet.com\/de\/vin-lavaux\/weisswein-chasselas-lavaux-blonay-les-rouvenaules-2\/#breadcrumb"},"inLanguage":"de-DE","potentialAction":[{"@type":"ReadAction","target":["https:\/\/www.domainebarichet.com\/de\/vin-lavaux\/weisswein-chasselas-lavaux-blonay-les-rouvenaules-2\/"]}]},{"@type":"ImageObject","inLanguage":"de-DE","@id":"https:\/\/www.domainebarichet.com\/de\/vin-lavaux\/weisswein-chasselas-lavaux-blonay-les-rouvenaules-2\/#primaryimage","url":"https:\/\/www.domainebarichet.com\/wp\/wp-content\/uploads\/2023\/10\/Barichet-13-75-2.png","contentUrl":"https:\/\/www.domainebarichet.com\/wp\/wp-content\/uploads\/2023\/10\/Barichet-13-75-2.png","width":570,"height":1598,"caption":"white wine chasselas lavaux"},{"@type":"BreadcrumbList","@id":"https:\/\/www.domainebarichet.com\/de\/vin-lavaux\/weisswein-chasselas-lavaux-blonay-les-rouvenaules-2\/#breadcrumb","itemListElement":[{"@type":"ListItem","position":1,"name":"Accueil","item":"https:\/\/www.domainebarichet.com\/de\/startseite\/"},{"@type":"ListItem","position":2,"name":"Shop","item":"https:\/\/www.domainebarichet.com\/de\/shop\/"},{"@type":"ListItem","position":3,"name":"Wei\u00dfwein Chasselas Les Rouvenaules"}]},{"@type":"WebSite","@id":"https:\/\/www.domainebarichet.com\/de\/#website","url":"https:\/\/www.domainebarichet.com\/de\/","name":"Domaine Barichet","description":"De nos muses, le chai","publisher":{"@id":"https:\/\/www.domainebarichet.com\/de\/#organization"},"potentialAction":[{"@type":"SearchAction","target":{"@type":"EntryPoint","urlTemplate":"https:\/\/www.domainebarichet.com\/de\/?s={search_term_string}"},"query-input":"required name=search_term_string"}],"inLanguage":"de-DE"},{"@type":"Organization","@id":"https:\/\/www.domainebarichet.com\/de\/#organization","name":"Domaine Barichet","url":"https:\/\/www.domainebarichet.com\/de\/","logo":{"@type":"ImageObject","inLanguage":"de-DE","@id":"https:\/\/www.domainebarichet.com\/de\/#\/schema\/logo\/image\/","url":"https:\/\/www.domainebarichet.com\/wp\/wp-content\/uploads\/2024\/04\/Logo_DEF-Copie.png","contentUrl":"https:\/\/www.domainebarichet.com\/wp\/wp-content\/uploads\/2024\/04\/Logo_DEF-Copie.png","width":1008,"height":1008,"caption":"Domaine Barichet"},"image":{"@id":"https:\/\/www.domainebarichet.com\/de\/#\/schema\/logo\/image\/"}}]}},"_links":{"self":[{"href":"https:\/\/www.domainebarichet.com\/de\/wp-json\/wp\/v2\/product\/1364"}],"collection":[{"href":"https:\/\/www.domainebarichet.com\/de\/wp-json\/wp\/v2\/product"}],"about":[{"href":"https:\/\/www.domainebarichet.com\/de\/wp-json\/wp\/v2\/types\/product"}],"wp:featuredmedia":[{"embeddable":true,"href":"https:\/\/www.domainebarichet.com\/de\/wp-json\/wp\/v2\/media\/1116"}],"wp:attachment":[{"href":"https:\/\/www.domainebarichet.com\/de\/wp-json\/wp\/v2\/media?parent=1364"}],"wp:term":[{"taxonomy":"product_cat","embeddable":true,"href":"https:\/\/www.domainebarichet.com\/de\/wp-json\/wp\/v2\/product_cat?post=1364"},{"taxonomy":"product_tag","embeddable":true,"href":"https:\/\/www.domainebarichet.com\/de\/wp-json\/wp\/v2\/product_tag?post=1364"}],"curies":[{"name":"wp","href":"https:\/\/api.w.org\/{rel}","templated":true}]}}