{"id":1358,"date":"2023-10-02T16:54:41","date_gmt":"2023-10-02T14:54:41","guid":{"rendered":"https:\/\/www.domainebarichet.com\/produit\/les-rouvenaules-3\/"},"modified":"2024-09-25T12:41:17","modified_gmt":"2024-09-25T10:41:17","slug":"rosewein-blonay-lavaux-gamaret-les-rouvenaules","status":"publish","type":"product","link":"https:\/\/www.domainebarichet.com\/de\/vin-lavaux\/rosewein-blonay-lavaux-gamaret-les-rouvenaules\/","title":{"rendered":"Ros\u00e9wein Ros\u00e9 Les Rouvenaules"},"content":{"rendered":"<h4>VERKOSTUNG :<\/h4>\n<p>Entdecken Sie den Gamaret Ros\u00e9 aus unserer Tradition-Linie, einen eleganten und raffinierten Wein mit einer zarten, fruchtbetonten Nase. Seine sch\u00f6ne S\u00e4ure verleiht ihm Frische und Lebhaftigkeit, w\u00e4hrend seine Geschmeidigkeit im Mund ihn zu einem idealen Begleiter f\u00fcr die Gastronomie macht.<\/p>\n<h4>PASSENDE SPEISEN :<\/h4>\n<p>Les Rouvenaules, ein Ros\u00e9 aus Gamaret mit zarten Nuancen, ist der ideale Begleiter f\u00fcr unsere <strong>Bouillabaisse vom L\u00e9man<\/strong>. Seine Noten von roten Fr\u00fcchten und seine Frische im Mund harmonieren perfekt mit der Reichhaltigkeit und Komplexit\u00e4t der Aromen der Bouillabaisse und bieten ein exquisites Gleichgewicht und ein unvergessliches Geschmackserlebnis.<\/p>\n","protected":false},"excerpt":{"rendered":"<p>Ein Ros\u00e9wein, hergestellt aus Gamaret-Trauben \u2013 entdecken Sie eine neue Art, Ros\u00e9wein sowohl als Aperitif als auch in der Gastronomie zu genie\u00dfen.<\/p>\n","protected":false},"featured_media":1104,"template":"","meta":{"content-type":"","inline_featured_image":false},"product_cat":[125,124],"product_tag":[],"yoast_head":"<!-- This site is optimized with the Yoast SEO plugin v22.3 - https:\/\/yoast.com\/wordpress\/plugins\/seo\/ -->\n<title>Ros\u00e9wein Ros\u00e9 Les Rouvenaules - Domaine Barichet<\/title>\n<meta name=\"description\" content=\"Ein Ros\u00e9wein, der in Blonay aus Gamaret-Trauben hergestellt wird. Entdecken Sie eine andere Art, Ros\u00e9wein als Aperitif, aber auch in der Gastronomie zu genie\u00dfen.\" \/>\n<meta name=\"robots\" content=\"index, follow, max-snippet:-1, max-image-preview:large, max-video-preview:-1\" \/>\n<link rel=\"canonical\" href=\"https:\/\/www.domainebarichet.com\/de\/vin-lavaux\/rosewein-blonay-lavaux-gamaret-les-rouvenaules\/\" \/>\n<meta property=\"og:locale\" content=\"de_DE\" \/>\n<meta property=\"og:type\" content=\"article\" \/>\n<meta property=\"og:title\" content=\"Ros\u00e9wein Ros\u00e9 Les Rouvenaules - Domaine Barichet\" \/>\n<meta property=\"og:description\" content=\"Ein Ros\u00e9wein, der in Blonay aus Gamaret-Trauben hergestellt wird. Entdecken Sie eine andere Art, Ros\u00e9wein als Aperitif, aber auch in der Gastronomie zu genie\u00dfen.\" \/>\n<meta property=\"og:url\" content=\"https:\/\/www.domainebarichet.com\/de\/vin-lavaux\/rosewein-blonay-lavaux-gamaret-les-rouvenaules\/\" \/>\n<meta property=\"og:site_name\" content=\"Domaine Barichet\" \/>\n<meta property=\"article:modified_time\" content=\"2024-09-25T10:41:17+00:00\" \/>\n<meta property=\"og:image\" content=\"https:\/\/www.domainebarichet.com\/wp\/wp-content\/uploads\/2023\/10\/Barichet-11-75_altColor-2K.png\" \/>\n\t<meta property=\"og:image:width\" content=\"514\" \/>\n\t<meta property=\"og:image:height\" content=\"1440\" \/>\n\t<meta property=\"og:image:type\" content=\"image\/png\" \/>\n<meta name=\"twitter:card\" content=\"summary_large_image\" \/>\n<meta name=\"twitter:label1\" content=\"Est. reading time\" \/>\n\t<meta name=\"twitter:data1\" content=\"1 minute\" \/>\n<script type=\"application\/ld+json\" class=\"yoast-schema-graph\">{\"@context\":\"https:\/\/schema.org\",\"@graph\":[{\"@type\":\"WebPage\",\"@id\":\"https:\/\/www.domainebarichet.com\/de\/vin-lavaux\/rosewein-blonay-lavaux-gamaret-les-rouvenaules\/\",\"url\":\"https:\/\/www.domainebarichet.com\/de\/vin-lavaux\/rosewein-blonay-lavaux-gamaret-les-rouvenaules\/\",\"name\":\"Ros\u00e9wein Ros\u00e9 Les Rouvenaules - Domaine Barichet\",\"isPartOf\":{\"@id\":\"https:\/\/www.domainebarichet.com\/de\/#website\"},\"primaryImageOfPage\":{\"@id\":\"https:\/\/www.domainebarichet.com\/de\/vin-lavaux\/rosewein-blonay-lavaux-gamaret-les-rouvenaules\/#primaryimage\"},\"image\":{\"@id\":\"https:\/\/www.domainebarichet.com\/de\/vin-lavaux\/rosewein-blonay-lavaux-gamaret-les-rouvenaules\/#primaryimage\"},\"thumbnailUrl\":\"https:\/\/www.domainebarichet.com\/wp\/wp-content\/uploads\/2023\/10\/Barichet-11-75_altColor-2K.png\",\"datePublished\":\"2023-10-02T14:54:41+00:00\",\"dateModified\":\"2024-09-25T10:41:17+00:00\",\"description\":\"Ein Ros\u00e9wein, der in Blonay aus Gamaret-Trauben hergestellt wird. Entdecken Sie eine andere Art, Ros\u00e9wein als Aperitif, aber auch in der Gastronomie zu genie\u00dfen.\",\"breadcrumb\":{\"@id\":\"https:\/\/www.domainebarichet.com\/de\/vin-lavaux\/rosewein-blonay-lavaux-gamaret-les-rouvenaules\/#breadcrumb\"},\"inLanguage\":\"de-DE\",\"potentialAction\":[{\"@type\":\"ReadAction\",\"target\":[\"https:\/\/www.domainebarichet.com\/de\/vin-lavaux\/rosewein-blonay-lavaux-gamaret-les-rouvenaules\/\"]}]},{\"@type\":\"ImageObject\",\"inLanguage\":\"de-DE\",\"@id\":\"https:\/\/www.domainebarichet.com\/de\/vin-lavaux\/rosewein-blonay-lavaux-gamaret-les-rouvenaules\/#primaryimage\",\"url\":\"https:\/\/www.domainebarichet.com\/wp\/wp-content\/uploads\/2023\/10\/Barichet-11-75_altColor-2K.png\",\"contentUrl\":\"https:\/\/www.domainebarichet.com\/wp\/wp-content\/uploads\/2023\/10\/Barichet-11-75_altColor-2K.png\",\"width\":514,\"height\":1440,\"caption\":\"Ros\u00e9 wine Gamaret Lavaux Blonay\"},{\"@type\":\"BreadcrumbList\",\"@id\":\"https:\/\/www.domainebarichet.com\/de\/vin-lavaux\/rosewein-blonay-lavaux-gamaret-les-rouvenaules\/#breadcrumb\",\"itemListElement\":[{\"@type\":\"ListItem\",\"position\":1,\"name\":\"Accueil\",\"item\":\"https:\/\/www.domainebarichet.com\/de\/startseite\/\"},{\"@type\":\"ListItem\",\"position\":2,\"name\":\"Shop\",\"item\":\"https:\/\/www.domainebarichet.com\/de\/shop\/\"},{\"@type\":\"ListItem\",\"position\":3,\"name\":\"Ros\u00e9wein Ros\u00e9 Les Rouvenaules\"}]},{\"@type\":\"WebSite\",\"@id\":\"https:\/\/www.domainebarichet.com\/de\/#website\",\"url\":\"https:\/\/www.domainebarichet.com\/de\/\",\"name\":\"Domaine Barichet\",\"description\":\"De nos muses, le chai\",\"publisher\":{\"@id\":\"https:\/\/www.domainebarichet.com\/de\/#organization\"},\"potentialAction\":[{\"@type\":\"SearchAction\",\"target\":{\"@type\":\"EntryPoint\",\"urlTemplate\":\"https:\/\/www.domainebarichet.com\/de\/?s={search_term_string}\"},\"query-input\":\"required name=search_term_string\"}],\"inLanguage\":\"de-DE\"},{\"@type\":\"Organization\",\"@id\":\"https:\/\/www.domainebarichet.com\/de\/#organization\",\"name\":\"Domaine Barichet\",\"url\":\"https:\/\/www.domainebarichet.com\/de\/\",\"logo\":{\"@type\":\"ImageObject\",\"inLanguage\":\"de-DE\",\"@id\":\"https:\/\/www.domainebarichet.com\/de\/#\/schema\/logo\/image\/\",\"url\":\"https:\/\/www.domainebarichet.com\/wp\/wp-content\/uploads\/2024\/04\/Logo_DEF-Copie.png\",\"contentUrl\":\"https:\/\/www.domainebarichet.com\/wp\/wp-content\/uploads\/2024\/04\/Logo_DEF-Copie.png\",\"width\":1008,\"height\":1008,\"caption\":\"Domaine Barichet\"},\"image\":{\"@id\":\"https:\/\/www.domainebarichet.com\/de\/#\/schema\/logo\/image\/\"}}]}<\/script>\n<!-- \/ Yoast SEO plugin. -->","yoast_head_json":{"title":"Ros\u00e9wein Ros\u00e9 Les Rouvenaules - Domaine Barichet","description":"Ein Ros\u00e9wein, der in Blonay aus Gamaret-Trauben hergestellt wird. Entdecken Sie eine andere Art, Ros\u00e9wein als Aperitif, aber auch in der Gastronomie zu genie\u00dfen.","robots":{"index":"index","follow":"follow","max-snippet":"max-snippet:-1","max-image-preview":"max-image-preview:large","max-video-preview":"max-video-preview:-1"},"canonical":"https:\/\/www.domainebarichet.com\/de\/vin-lavaux\/rosewein-blonay-lavaux-gamaret-les-rouvenaules\/","og_locale":"de_DE","og_type":"article","og_title":"Ros\u00e9wein Ros\u00e9 Les Rouvenaules - Domaine Barichet","og_description":"Ein Ros\u00e9wein, der in Blonay aus Gamaret-Trauben hergestellt wird. Entdecken Sie eine andere Art, Ros\u00e9wein als Aperitif, aber auch in der Gastronomie zu genie\u00dfen.","og_url":"https:\/\/www.domainebarichet.com\/de\/vin-lavaux\/rosewein-blonay-lavaux-gamaret-les-rouvenaules\/","og_site_name":"Domaine Barichet","article_modified_time":"2024-09-25T10:41:17+00:00","og_image":[{"width":514,"height":1440,"url":"https:\/\/www.domainebarichet.com\/wp\/wp-content\/uploads\/2023\/10\/Barichet-11-75_altColor-2K.png","type":"image\/png"}],"twitter_card":"summary_large_image","twitter_misc":{"Est. reading time":"1 minute"},"schema":{"@context":"https:\/\/schema.org","@graph":[{"@type":"WebPage","@id":"https:\/\/www.domainebarichet.com\/de\/vin-lavaux\/rosewein-blonay-lavaux-gamaret-les-rouvenaules\/","url":"https:\/\/www.domainebarichet.com\/de\/vin-lavaux\/rosewein-blonay-lavaux-gamaret-les-rouvenaules\/","name":"Ros\u00e9wein Ros\u00e9 Les Rouvenaules - Domaine Barichet","isPartOf":{"@id":"https:\/\/www.domainebarichet.com\/de\/#website"},"primaryImageOfPage":{"@id":"https:\/\/www.domainebarichet.com\/de\/vin-lavaux\/rosewein-blonay-lavaux-gamaret-les-rouvenaules\/#primaryimage"},"image":{"@id":"https:\/\/www.domainebarichet.com\/de\/vin-lavaux\/rosewein-blonay-lavaux-gamaret-les-rouvenaules\/#primaryimage"},"thumbnailUrl":"https:\/\/www.domainebarichet.com\/wp\/wp-content\/uploads\/2023\/10\/Barichet-11-75_altColor-2K.png","datePublished":"2023-10-02T14:54:41+00:00","dateModified":"2024-09-25T10:41:17+00:00","description":"Ein Ros\u00e9wein, der in Blonay aus Gamaret-Trauben hergestellt wird. Entdecken Sie eine andere Art, Ros\u00e9wein als Aperitif, aber auch in der Gastronomie zu genie\u00dfen.","breadcrumb":{"@id":"https:\/\/www.domainebarichet.com\/de\/vin-lavaux\/rosewein-blonay-lavaux-gamaret-les-rouvenaules\/#breadcrumb"},"inLanguage":"de-DE","potentialAction":[{"@type":"ReadAction","target":["https:\/\/www.domainebarichet.com\/de\/vin-lavaux\/rosewein-blonay-lavaux-gamaret-les-rouvenaules\/"]}]},{"@type":"ImageObject","inLanguage":"de-DE","@id":"https:\/\/www.domainebarichet.com\/de\/vin-lavaux\/rosewein-blonay-lavaux-gamaret-les-rouvenaules\/#primaryimage","url":"https:\/\/www.domainebarichet.com\/wp\/wp-content\/uploads\/2023\/10\/Barichet-11-75_altColor-2K.png","contentUrl":"https:\/\/www.domainebarichet.com\/wp\/wp-content\/uploads\/2023\/10\/Barichet-11-75_altColor-2K.png","width":514,"height":1440,"caption":"Ros\u00e9 wine Gamaret Lavaux Blonay"},{"@type":"BreadcrumbList","@id":"https:\/\/www.domainebarichet.com\/de\/vin-lavaux\/rosewein-blonay-lavaux-gamaret-les-rouvenaules\/#breadcrumb","itemListElement":[{"@type":"ListItem","position":1,"name":"Accueil","item":"https:\/\/www.domainebarichet.com\/de\/startseite\/"},{"@type":"ListItem","position":2,"name":"Shop","item":"https:\/\/www.domainebarichet.com\/de\/shop\/"},{"@type":"ListItem","position":3,"name":"Ros\u00e9wein Ros\u00e9 Les Rouvenaules"}]},{"@type":"WebSite","@id":"https:\/\/www.domainebarichet.com\/de\/#website","url":"https:\/\/www.domainebarichet.com\/de\/","name":"Domaine Barichet","description":"De nos muses, le chai","publisher":{"@id":"https:\/\/www.domainebarichet.com\/de\/#organization"},"potentialAction":[{"@type":"SearchAction","target":{"@type":"EntryPoint","urlTemplate":"https:\/\/www.domainebarichet.com\/de\/?s={search_term_string}"},"query-input":"required name=search_term_string"}],"inLanguage":"de-DE"},{"@type":"Organization","@id":"https:\/\/www.domainebarichet.com\/de\/#organization","name":"Domaine Barichet","url":"https:\/\/www.domainebarichet.com\/de\/","logo":{"@type":"ImageObject","inLanguage":"de-DE","@id":"https:\/\/www.domainebarichet.com\/de\/#\/schema\/logo\/image\/","url":"https:\/\/www.domainebarichet.com\/wp\/wp-content\/uploads\/2024\/04\/Logo_DEF-Copie.png","contentUrl":"https:\/\/www.domainebarichet.com\/wp\/wp-content\/uploads\/2024\/04\/Logo_DEF-Copie.png","width":1008,"height":1008,"caption":"Domaine Barichet"},"image":{"@id":"https:\/\/www.domainebarichet.com\/de\/#\/schema\/logo\/image\/"}}]}},"_links":{"self":[{"href":"https:\/\/www.domainebarichet.com\/de\/wp-json\/wp\/v2\/product\/1358"}],"collection":[{"href":"https:\/\/www.domainebarichet.com\/de\/wp-json\/wp\/v2\/product"}],"about":[{"href":"https:\/\/www.domainebarichet.com\/de\/wp-json\/wp\/v2\/types\/product"}],"wp:featuredmedia":[{"embeddable":true,"href":"https:\/\/www.domainebarichet.com\/de\/wp-json\/wp\/v2\/media\/1104"}],"wp:attachment":[{"href":"https:\/\/www.domainebarichet.com\/de\/wp-json\/wp\/v2\/media?parent=1358"}],"wp:term":[{"taxonomy":"product_cat","embeddable":true,"href":"https:\/\/www.domainebarichet.com\/de\/wp-json\/wp\/v2\/product_cat?post=1358"},{"taxonomy":"product_tag","embeddable":true,"href":"https:\/\/www.domainebarichet.com\/de\/wp-json\/wp\/v2\/product_tag?post=1358"}],"curies":[{"name":"wp","href":"https:\/\/api.w.org\/{rel}","templated":true}]}}