{"id":1789,"date":"2024-09-03T11:03:55","date_gmt":"2024-09-03T09:03:55","guid":{"rendered":"https:\/\/www.domainebarichet.com\/?page_id=1789"},"modified":"2024-09-09T12:07:58","modified_gmt":"2024-09-09T10:07:58","slug":"rechtliche-hinweise","status":"publish","type":"page","link":"https:\/\/www.domainebarichet.com\/de\/rechtliche-hinweise\/","title":{"rendered":"Rechtliche Hinweise"},"content":{"rendered":"<div id='av_section_1'  class='avia-section av-av_section-f8e5e99f0bce4317dac2cfa02bb56453 main_color avia-section-default avia-no-border-styling  avia-builder-el-0  avia-builder-el-no-sibling  avia-bg-style-scroll container_wrap fullsize'  ><div class='container av-section-cont-open' ><main  role=\"main\" itemprop=\"mainContentOfPage\"  class='template-page content  av-content-full alpha units'><div class='post-entry post-entry-type-page post-entry-1789'><div class='entry-content-wrapper clearfix'>\n<div  class='flex_column av-av_one_full-db3c685d37a83d385059f6f31cd9c4a7 av_one_full  avia-builder-el-1  avia-builder-el-no-sibling  first flex_column_div  '     ><p>\n<style type=\"text\/css\" data-created_by=\"avia_inline_auto\" id=\"style-css-av-m0m73td2-a07de5bd4e181ab3100cc41e1d428711\">\n#top .av-special-heading.av-m0m73td2-a07de5bd4e181ab3100cc41e1d428711{\npadding-bottom:10px;\n}\nbody .av-special-heading.av-m0m73td2-a07de5bd4e181ab3100cc41e1d428711 .av-special-heading-tag .heading-char{\nfont-size:25px;\n}\n.av-special-heading.av-m0m73td2-a07de5bd4e181ab3100cc41e1d428711 .av-subheading{\nfont-size:15px;\n}\n<\/style>\n<div  class='av-special-heading av-m0m73td2-a07de5bd4e181ab3100cc41e1d428711 av-special-heading-h1 blockquote modern-quote  avia-builder-el-2  el_before_av_textblock  avia-builder-el-first '><h1 class='av-special-heading-tag'  itemprop=\"headline\"  >Rechtliche Hinweise<\/h1><div class=\"special-heading-border\"><div class=\"special-heading-inner-border\"><\/div><\/div><\/div><br \/>\n<section  class='av_textblock_section av-m0m7ckoc-fe7fa9549de37a8d2af95b06bc82c3ff '   itemscope=\"itemscope\" itemtype=\"https:\/\/schema.org\/CreativeWork\" ><div class='avia_textblock'  itemprop=\"text\" ><h2>1. <strong>Allgemeine Informationen<\/strong><\/h2>\n<p><strong>Name der Website<\/strong>: Domaine Barichet<br \/>\n<strong>URL der Website<\/strong>: <a href=\"https:\/\/www.domainebarichet.com\" target=\"_new\" rel=\"noopener\">www.domainebarichet.com<\/a><br \/>\n<strong>Eigent\u00fcmer<\/strong>: Domaine Barichet S.A.<br \/>\n<strong>Adresse<\/strong>: Chemin Champ-Belluet 4-5, 1807 Blonay, VD, Schweiz<br \/>\n<strong>Handelsregister- und Gesellschaftsnummer (RCS)<\/strong>: CHE-375.317.617<br \/>\n<strong>Telefon<\/strong>: <a href=\"tel:+41 21 943 26 07\">+41 21 943 26 07<\/a> \/ <a href=\"tel:+41 79 212 81 38\">+41 79 212 81 38<\/a><br \/>\n<strong>Email<\/strong>: <a href=\"mailto:info@domainebarichet.ch\" target=\"_new\" rel=\"noopener\">info@domainebarichet.ch<\/a><\/p>\n<h2>2. <strong>Hosting<\/strong><\/h2>\n<p><strong>Host<\/strong>: Tris Informatique<br \/>\n<strong>Adresse<\/strong>: Avenue des Baumettes 5, 1020 Renens, Schweiz<br \/>\n<strong>Telefon<\/strong>: <a href=\"tel:+41 21 635 55 40\">+41 21 635 55 40<\/a><br \/>\n<strong>Email<\/strong>: <a href=\"mailto:info@trisinformatique.com\">info@trisinformatique.com<\/a><\/p>\n<h2>3. <strong>Verantwortlicher f\u00fcr die Ver\u00f6ffentlichung<\/strong><\/h2>\n<p><strong>Name<\/strong>: Albert MAMIN<br \/>\n<strong>Email<\/strong>: <a href=\"mailto:info@domainebarichet.ch\" target=\"_new\" rel=\"noopener\">info@domainebarichet.ch<\/a><\/p>\n<h2>4. <strong>Geistiges Eigentum<\/strong><\/h2>\n<p>Die Website <a href=\"http:\/\/www.domainebarichet.com\" target=\"_new\" rel=\"noopener\">www.domainebarichet.com<\/a> und ihr gesamter Inhalt (Texte, Bilder, Logos usw.) sind durch die geltenden Gesetze zum Schutz des geistigen Eigentums in der Schweiz gesch\u00fctzt. Jede Vervielf\u00e4ltigung, Darstellung, \u00c4nderung, Ver\u00f6ffentlichung, Anpassung von Teilen oder des gesamten Inhalts der Website, unabh\u00e4ngig von den verwendeten Mitteln oder Verfahren, ist ohne vorherige schriftliche Genehmigung von Domaine Barichet untersagt.<\/p>\n<h2>5. <strong>Personenbezogene Daten<\/strong><\/h2>\n<p>Die auf dieser Website gesammelten Informationen werden gem\u00e4\u00df dem schweizerischen Bundesgesetz \u00fcber den Datenschutz (DSG) verwendet. Domaine Barichet ist der alleinige Empf\u00e4nger der Daten. Gem\u00e4\u00df dem DSG haben Sie das Recht auf Zugang, Berichtigung und Widerspruch gegen die Sie betreffenden personenbezogenen Daten. Um dieses Recht auszu\u00fcben, k\u00f6nnen Sie uns unter folgender Adresse kontaktieren: <a href=\"mailto:info@domainebarichet.ch\" target=\"_new\" rel=\"noopener\">info@domainebarichet.ch<\/a>.<\/p>\n<h2>6. <strong>Haftung<\/strong><\/h2>\n<p>Domaine Barichet kann nicht f\u00fcr direkte oder indirekte Sch\u00e4den am Material des Benutzers verantwortlich gemacht werden, die beim Zugriff auf die Website <a href=\"http:\/\/www.domainebarichet.com\" target=\"_new\" rel=\"noopener\">www.domainebarichet.com<\/a> entstehen. Domaine Barichet lehnt auch jede Verantwortung f\u00fcr die Nutzung der auf dieser Website enthaltenen Informationen und Inhalte ab.<\/p>\n<h2>7. <strong>Hyperlinks<\/strong><\/h2>\n<p>Die Website <a href=\"http:\/\/www.domainebarichet.com\" target=\"_new\" rel=\"noopener\">www.domainebarichet.com<\/a> kann Hyperlinks zu anderen Websites enthalten. Domaine Barichet hat jedoch keine M\u00f6glichkeit, den Inhalt der besuchten Websites zu \u00fcberpr\u00fcfen und \u00fcbernimmt daher keine Verantwortung f\u00fcr deren Inhalte.<\/p>\n<h2>8. <strong>\u00c4nderungen<\/strong><\/h2>\n<p>Domaine Barichet beh\u00e4lt sich das Recht vor, diese rechtlichen Hinweise jederzeit zu \u00e4ndern, insbesondere um neue Vorschriften oder geltende Gesetze in der Schweiz zu ber\u00fccksichtigen.<\/p>\n<h2>9. <strong>Anwendbares Recht und Gerichtsstand<\/strong><\/h2>\n<p>Alle Streitigkeiten im Zusammenhang mit der Nutzung der Website <a href=\"http:\/\/www.domainebarichet.com\" target=\"_new\" rel=\"noopener\">www.domainebarichet.com<\/a> unterliegen dem Schweizer Recht. Die ausschlie\u00dfliche Zust\u00e4ndigkeit liegt bei den zust\u00e4ndigen Gerichten des Kantons Waadt.<\/p>\n<\/div><\/section><\/p><\/div>\n","protected":false},"excerpt":{"rendered":"","protected":false},"author":1,"featured_media":0,"parent":0,"menu_order":0,"comment_status":"closed","ping_status":"closed","template":"","meta":{"content-type":"","inline_featured_image":false,"footnotes":""},"yoast_head":"<!-- This site is optimized with the Yoast SEO plugin v22.3 - https:\/\/yoast.com\/wordpress\/plugins\/seo\/ -->\n<title>Rechtliche Hinweise - Domaine Barichet<\/title>\n<meta name=\"robots\" content=\"noindex, follow\" \/>\n<meta property=\"og:locale\" content=\"de_DE\" \/>\n<meta property=\"og:type\" content=\"article\" \/>\n<meta property=\"og:title\" content=\"Rechtliche Hinweise - Domaine Barichet\" \/>\n<meta property=\"og:url\" content=\"https:\/\/www.domainebarichet.com\/de\/rechtliche-hinweise\/\" \/>\n<meta property=\"og:site_name\" content=\"Domaine Barichet\" \/>\n<meta property=\"article:modified_time\" content=\"2024-09-09T10:07:58+00:00\" \/>\n<meta name=\"twitter:card\" content=\"summary_large_image\" \/>\n<meta name=\"twitter:label1\" content=\"Est. reading time\" \/>\n\t<meta name=\"twitter:data1\" content=\"2 minutes\" \/>\n<script type=\"application\/ld+json\" class=\"yoast-schema-graph\">{\"@context\":\"https:\/\/schema.org\",\"@graph\":[{\"@type\":\"WebPage\",\"@id\":\"https:\/\/www.domainebarichet.com\/de\/rechtliche-hinweise\/\",\"url\":\"https:\/\/www.domainebarichet.com\/de\/rechtliche-hinweise\/\",\"name\":\"Rechtliche Hinweise - Domaine Barichet\",\"isPartOf\":{\"@id\":\"https:\/\/www.domainebarichet.com\/de\/#website\"},\"datePublished\":\"2024-09-03T09:03:55+00:00\",\"dateModified\":\"2024-09-09T10:07:58+00:00\",\"breadcrumb\":{\"@id\":\"https:\/\/www.domainebarichet.com\/de\/rechtliche-hinweise\/#breadcrumb\"},\"inLanguage\":\"de-DE\",\"potentialAction\":[{\"@type\":\"ReadAction\",\"target\":[\"https:\/\/www.domainebarichet.com\/de\/rechtliche-hinweise\/\"]}]},{\"@type\":\"BreadcrumbList\",\"@id\":\"https:\/\/www.domainebarichet.com\/de\/rechtliche-hinweise\/#breadcrumb\",\"itemListElement\":[{\"@type\":\"ListItem\",\"position\":1,\"name\":\"Accueil\",\"item\":\"https:\/\/www.domainebarichet.com\/de\/startseite\/\"},{\"@type\":\"ListItem\",\"position\":2,\"name\":\"Rechtliche Hinweise\"}]},{\"@type\":\"WebSite\",\"@id\":\"https:\/\/www.domainebarichet.com\/de\/#website\",\"url\":\"https:\/\/www.domainebarichet.com\/de\/\",\"name\":\"Domaine Barichet\",\"description\":\"De nos muses, le chai\",\"publisher\":{\"@id\":\"https:\/\/www.domainebarichet.com\/de\/#organization\"},\"potentialAction\":[{\"@type\":\"SearchAction\",\"target\":{\"@type\":\"EntryPoint\",\"urlTemplate\":\"https:\/\/www.domainebarichet.com\/de\/?s={search_term_string}\"},\"query-input\":\"required name=search_term_string\"}],\"inLanguage\":\"de-DE\"},{\"@type\":\"Organization\",\"@id\":\"https:\/\/www.domainebarichet.com\/de\/#organization\",\"name\":\"Domaine Barichet\",\"url\":\"https:\/\/www.domainebarichet.com\/de\/\",\"logo\":{\"@type\":\"ImageObject\",\"inLanguage\":\"de-DE\",\"@id\":\"https:\/\/www.domainebarichet.com\/de\/#\/schema\/logo\/image\/\",\"url\":\"https:\/\/www.domainebarichet.com\/wp\/wp-content\/uploads\/2024\/04\/Logo_DEF-Copie.png\",\"contentUrl\":\"https:\/\/www.domainebarichet.com\/wp\/wp-content\/uploads\/2024\/04\/Logo_DEF-Copie.png\",\"width\":1008,\"height\":1008,\"caption\":\"Domaine Barichet\"},\"image\":{\"@id\":\"https:\/\/www.domainebarichet.com\/de\/#\/schema\/logo\/image\/\"}}]}<\/script>\n<!-- \/ Yoast SEO plugin. -->","yoast_head_json":{"title":"Rechtliche Hinweise - Domaine Barichet","robots":{"index":"noindex","follow":"follow"},"og_locale":"de_DE","og_type":"article","og_title":"Rechtliche Hinweise - Domaine Barichet","og_url":"https:\/\/www.domainebarichet.com\/de\/rechtliche-hinweise\/","og_site_name":"Domaine Barichet","article_modified_time":"2024-09-09T10:07:58+00:00","twitter_card":"summary_large_image","twitter_misc":{"Est. reading time":"2 minutes"},"schema":{"@context":"https:\/\/schema.org","@graph":[{"@type":"WebPage","@id":"https:\/\/www.domainebarichet.com\/de\/rechtliche-hinweise\/","url":"https:\/\/www.domainebarichet.com\/de\/rechtliche-hinweise\/","name":"Rechtliche Hinweise - Domaine Barichet","isPartOf":{"@id":"https:\/\/www.domainebarichet.com\/de\/#website"},"datePublished":"2024-09-03T09:03:55+00:00","dateModified":"2024-09-09T10:07:58+00:00","breadcrumb":{"@id":"https:\/\/www.domainebarichet.com\/de\/rechtliche-hinweise\/#breadcrumb"},"inLanguage":"de-DE","potentialAction":[{"@type":"ReadAction","target":["https:\/\/www.domainebarichet.com\/de\/rechtliche-hinweise\/"]}]},{"@type":"BreadcrumbList","@id":"https:\/\/www.domainebarichet.com\/de\/rechtliche-hinweise\/#breadcrumb","itemListElement":[{"@type":"ListItem","position":1,"name":"Accueil","item":"https:\/\/www.domainebarichet.com\/de\/startseite\/"},{"@type":"ListItem","position":2,"name":"Rechtliche Hinweise"}]},{"@type":"WebSite","@id":"https:\/\/www.domainebarichet.com\/de\/#website","url":"https:\/\/www.domainebarichet.com\/de\/","name":"Domaine Barichet","description":"De nos muses, le chai","publisher":{"@id":"https:\/\/www.domainebarichet.com\/de\/#organization"},"potentialAction":[{"@type":"SearchAction","target":{"@type":"EntryPoint","urlTemplate":"https:\/\/www.domainebarichet.com\/de\/?s={search_term_string}"},"query-input":"required name=search_term_string"}],"inLanguage":"de-DE"},{"@type":"Organization","@id":"https:\/\/www.domainebarichet.com\/de\/#organization","name":"Domaine Barichet","url":"https:\/\/www.domainebarichet.com\/de\/","logo":{"@type":"ImageObject","inLanguage":"de-DE","@id":"https:\/\/www.domainebarichet.com\/de\/#\/schema\/logo\/image\/","url":"https:\/\/www.domainebarichet.com\/wp\/wp-content\/uploads\/2024\/04\/Logo_DEF-Copie.png","contentUrl":"https:\/\/www.domainebarichet.com\/wp\/wp-content\/uploads\/2024\/04\/Logo_DEF-Copie.png","width":1008,"height":1008,"caption":"Domaine Barichet"},"image":{"@id":"https:\/\/www.domainebarichet.com\/de\/#\/schema\/logo\/image\/"}}]}},"publishpress_future_action":{"enabled":false,"date":"2026-05-08 11:38:35","action":"change-status","newStatus":"draft","terms":[],"taxonomy":"translation_priority"},"_links":{"self":[{"href":"https:\/\/www.domainebarichet.com\/de\/wp-json\/wp\/v2\/pages\/1789"}],"collection":[{"href":"https:\/\/www.domainebarichet.com\/de\/wp-json\/wp\/v2\/pages"}],"about":[{"href":"https:\/\/www.domainebarichet.com\/de\/wp-json\/wp\/v2\/types\/page"}],"author":[{"embeddable":true,"href":"https:\/\/www.domainebarichet.com\/de\/wp-json\/wp\/v2\/users\/1"}],"replies":[{"embeddable":true,"href":"https:\/\/www.domainebarichet.com\/de\/wp-json\/wp\/v2\/comments?post=1789"}],"version-history":[{"count":4,"href":"https:\/\/www.domainebarichet.com\/de\/wp-json\/wp\/v2\/pages\/1789\/revisions"}],"predecessor-version":[{"id":1834,"href":"https:\/\/www.domainebarichet.com\/de\/wp-json\/wp\/v2\/pages\/1789\/revisions\/1834"}],"wp:attachment":[{"href":"https:\/\/www.domainebarichet.com\/de\/wp-json\/wp\/v2\/media?parent=1789"}],"curies":[{"name":"wp","href":"https:\/\/api.w.org\/{rel}","templated":true}]}}